{"id":2630,"date":"2025-01-24T10:39:49","date_gmt":"2025-01-24T10:39:49","guid":{"rendered":"https:\/\/shalomfestival.be\/?page_id=2630"},"modified":"2025-01-25T08:36:50","modified_gmt":"2025-01-25T08:36:50","slug":"communique-de-presse-festival-shalom-2024-a-anvers","status":"publish","type":"page","link":"https:\/\/shalomfestival.be\/fr\/communique-de-presse-festival-shalom-2024-a-anvers\/","title":{"rendered":""},"content":{"rendered":"<h2>Communiqu\u00e9 de presse &#8211; Festival Shalom 2024 \u00e0 Anvers<br \/>\n<\/h2>\n<p><strong>GROENPLAATS ANVERS<\/strong><br \/><strong>20 OCTOBRE 2024<\/strong><br \/><strong>14h00 \u00e0 19h00<\/strong><\/p>\n<p>\t\t\t\t\t\t\t\t\t\t\t\t\t\t\t<img fetchpriority=\"high\" decoding=\"async\" width=\"800\" height=\"630\" src=\"https:\/\/shalomfestival.be\/wp-content\/uploads\/2025\/01\/shalom-1234-1024x807.jpg\" alt=\"\" srcset=\"https:\/\/shalomfestival.be\/wp-content\/uploads\/2025\/01\/shalom-1234-1024x807.jpg 1024w, https:\/\/shalomfestival.be\/wp-content\/uploads\/2025\/01\/shalom-1234-300x236.jpg 300w, https:\/\/shalomfestival.be\/wp-content\/uploads\/2025\/01\/shalom-1234-768x605.jpg 768w, https:\/\/shalomfestival.be\/wp-content\/uploads\/2025\/01\/shalom-1234-1536x1210.jpg 1536w, https:\/\/shalomfestival.be\/wp-content\/uploads\/2025\/01\/shalom-1234.jpg 1730w\" sizes=\"(max-width: 800px) 100vw, 800px\" \/>\t\t\t\t\t\t\t\t\t\t\t\t\t\t\t<\/p>\n<p><strong>La 20e \u00e9dition anniversaire du Festival Shalom a \u00e9t\u00e9 organis\u00e9e \u00e0 Anvers comme une d\u00e9claration et un d\u00e9sir de paix\u00a0<\/strong>\u2014 shalom, salaam \u2014 au milieu des luttes continues sur tous les fronts au Moyen-Orient, tout en c\u00e9l\u00e9brant les f\u00eates bibliques.<\/p>\n<p>La mont\u00e9e inqui\u00e9tante de l&rsquo;antis\u00e9mitisme a rendu encore plus urgent le besoin de tenir ferme avec un\u00a0<strong>message de coexistence et de reconnaissance mutuelle du droit de chacun \u00e0 exister comme chemin vers la paix.<\/strong><\/p>\n<p>La v\u00e9rit\u00e9 intransigeante sur<strong>\u00a0l&rsquo;histoire et le droit biblique d&rsquo;Isra\u00ebl \u00e0 la terre reste la fondation<\/strong>. En tant que main tendue, le festival a une fois de plus tendu la main \u00e0 toutes les personnes et parties de bonne volont\u00e9 avec un souhait sinc\u00e8re de paix.<\/p>\n<p>Avec une attention particuli\u00e8re port\u00e9e aux otages, le<strong>\u00a0Festival Shalom a appel\u00e9 \u00e0 rejeter le terrorisme, \u00e0 promouvoir le dialogue et l\u2019amiti\u00e9,\u00a0<\/strong>et \u00e0 encourager des relations harmonieuses entre les diverses communaut\u00e9s, ici et \u00e0 l\u2019\u00e9tranger.<\/p>\n<p data-pm-slice=\"1 1 []\"><strong>Avec Shalom, Salaam, Sol&rsquo;h (persan), Paix<\/strong>, le pasteur Said Najafabadi, originaire d&rsquo;Iran, a ouvert son discours.<\/p>\n<p>Mesdames et messieurs, fr\u00e8res et s\u0153urs, amis de la paix,<\/p>\n<p>Aujourd&rsquo;hui, nous nous r\u00e9unissons avec une mission commune : diffuser un message d&rsquo;espoir et de r\u00e9conciliation. Nous exprimons notre souhait de paix\u2014shalom, salaam, paix\u2014au milieu des conflits et de la confusion qui r\u00e8gnent au Moyen-Orient. Ce Festival Shalom nous rappelle qu&rsquo;il existe un chemin vers la paix, m\u00eame lorsque la situation semble d\u00e9sesp\u00e9r\u00e9e.<\/p>\n<p>\u00c0 une \u00e9poque o\u00f9 l&rsquo;antis\u00e9mitisme refait surface dans le monde entier, notre appel \u00e0 la coexistence et \u00e0 la reconnaissance mutuelle des droits de chacun devient d&rsquo;autant plus urgent. Nous ne devons pas rester silencieux face \u00e0 la haine et \u00e0 l&rsquo;injustice. Isra\u00ebl, fond\u00e9 sur son histoire et les promesses bibliques, a un droit l\u00e9gitime sur sa terre. Mais ce droit d\u00e9passe une simple revendication territoriale; c&rsquo;est un appel \u00e0 la paix, une invitation au dialogue.<\/p>\n<p>Il est parfois affirm\u00e9 qu&rsquo;Isra\u00ebl se rend coupable de g\u00e9nocide. Clarifions que cela est une grave contre-v\u00e9rit\u00e9.<strong> Isra\u00ebl est le seul pays d\u00e9mocratique du Moyen-Orient, un pays o\u00f9 des peuples et des religions diff\u00e9rents vivent ensemble dans la paix et la tol\u00e9rance.<\/strong> Plus de deux millions d&rsquo;Arabes vivent comme citoyens \u00e0 part enti\u00e8re en Isra\u00ebl. Ce fait r\u00e9fute toute accusation de g\u00e9nocide, car si Isra\u00ebl commettait r\u00e9ellement un g\u00e9nocide, ces citoyens arabes ne pourraient pas vivre libres et en s\u00e9curit\u00e9. <strong>Isra\u00ebl est une nation qui prot\u00e8ge la libert\u00e9, la vie et la d\u00e9mocratie\u2014y compris pour les minorit\u00e9s.<\/strong><\/p>\n<p>En tant que pasteur iranien, je prends la parole aujourd&rsquo;hui au nom de mon peuple. Nous, Iraniens, aspirons ardemment \u00e0 la fin de la dictature qui s\u00e9vit dans notre pays depuis des d\u00e9cennies.<\/p>\n<p>\t\t\t\t\t\t\t\t\t\t\t\t\t\t\t<img decoding=\"async\" width=\"800\" height=\"800\" src=\"https:\/\/shalomfestival.be\/wp-content\/uploads\/2025\/01\/shalom12345-1024x1024.jpg\" alt=\"\" srcset=\"https:\/\/shalomfestival.be\/wp-content\/uploads\/2025\/01\/shalom12345-1024x1024.jpg 1024w, https:\/\/shalomfestival.be\/wp-content\/uploads\/2025\/01\/shalom12345-300x300.jpg 300w, https:\/\/shalomfestival.be\/wp-content\/uploads\/2025\/01\/shalom12345-150x150.jpg 150w, https:\/\/shalomfestival.be\/wp-content\/uploads\/2025\/01\/shalom12345-768x768.jpg 768w, https:\/\/shalomfestival.be\/wp-content\/uploads\/2025\/01\/shalom12345-1536x1536.jpg 1536w, https:\/\/shalomfestival.be\/wp-content\/uploads\/2025\/01\/shalom12345-2048x2048.jpg 2048w\" sizes=\"(max-width: 800px) 100vw, 800px\" \/>\t\t\t\t\t\t\t\t\t\t\t\t\t\t\t<\/p>\n<p><strong>Le r\u00e9gime iranien, qui opprime son propre peuple et est le plus grand sponsor du terrorisme dans le monde, doit tomber.<\/strong>\u00a0Nous voulons la paix, la libert\u00e9 et la fin des souffrances qui affligent notre r\u00e9gion. Les Iraniens qui aspirent \u00e0 vivre libres se tiennent aux c\u00f4t\u00e9s d&rsquo;Isra\u00ebl dans l&rsquo;espoir d&rsquo;un avenir meilleur.<\/p>\n<p><strong>Le combat d&rsquo;Isra\u00ebl n&rsquo;est pas seulement un combat pour sa propre survie, mais aussi contre l&rsquo;extr\u00e9misme et la haine qui menacent non seulement le Moyen-Orient, mais aussi le reste du monde. Notre message aujourd&rsquo;hui est un message de paix et de r\u00e9conciliation.<\/strong>\u00a0Nous appelons au dialogue, \u00e0 l&rsquo;amiti\u00e9 et \u00e0 un nouveau Moyen-Orient o\u00f9 le respect mutuel et la reconnaissance du droit \u00e0 l&rsquo;existence de chacun sont centraux.<\/p>\n<p>Nous voulons \u00e9galement attirer l&rsquo;attention sur ceux qui sont encore retenus en otage et emprisonn\u00e9s dans des tunnels sombres, des personnes qui vivent dans la peur depuis trop longtemps. Nous demandons leur lib\u00e9ration imm\u00e9diate. La paix ne peut \u00eatre atteinte sans justice. Trop de sang a \u00e9t\u00e9 vers\u00e9, trop de familles ont \u00e9t\u00e9 d\u00e9chir\u00e9es. Il est temps de travailler ensemble pour un avenir pacifique o\u00f9 aucun enfant n&rsquo;aura plus \u00e0 grandir dans la peur.<\/p>\n<p><strong>\u00c0 nos chers peuples d&rsquo;Isra\u00ebl et de Palestine\u00a0<\/strong>: nous sommes \u00e0 vos c\u00f4t\u00e9s. Dansons ensemble la danse de l&rsquo;espoir et de la r\u00e9conciliation. Laissons la haine et la division derri\u00e8re nous et tournons-nous vers un avenir de respect mutuel et d&rsquo;amour. Tant qu&rsquo;il y aura de la haine, il n&rsquo;y aura ni paix ni avenir possible.\u00a0<strong>Le moment est venu d&rsquo;\u00e9crire un nouveau chapitre,<\/strong>\u00a0un chapitre o\u00f9 nous b\u00e2tissons un Moyen-Orient de renouveau spirituel, relationnel et \u00e9conomique.<\/p>\n<p>Continuons \u00e0 avancer sur la voie des accords de paix et \u00e0 construire ensemble un Moyen-Orient qui connaisse la paix, la vie, des b\u00e9n\u00e9dictions abondantes et la prosp\u00e9rit\u00e9, tel le jardin d&rsquo;\u00c9den biblique, le paradis.\u00a0<\/p>\n<p>\t\t\t\t\t\t\t\t\t\t\t\t\t\t\t<img decoding=\"async\" width=\"800\" height=\"800\" src=\"https:\/\/shalomfestival.be\/wp-content\/uploads\/2025\/01\/shalom123456-1024x1024.jpg\" alt=\"\" srcset=\"https:\/\/shalomfestival.be\/wp-content\/uploads\/2025\/01\/shalom123456-1024x1024.jpg 1024w, https:\/\/shalomfestival.be\/wp-content\/uploads\/2025\/01\/shalom123456-300x300.jpg 300w, https:\/\/shalomfestival.be\/wp-content\/uploads\/2025\/01\/shalom123456-150x150.jpg 150w, https:\/\/shalomfestival.be\/wp-content\/uploads\/2025\/01\/shalom123456-768x768.jpg 768w, https:\/\/shalomfestival.be\/wp-content\/uploads\/2025\/01\/shalom123456-1536x1536.jpg 1536w, https:\/\/shalomfestival.be\/wp-content\/uploads\/2025\/01\/shalom123456-2048x2048.jpg 2048w\" sizes=\"(max-width: 800px) 100vw, 800px\" \/>\t\t\t\t\t\t\t\t\t\t\t\t\t\t\t<\/p>\n<p>Un nouveau Moyen-Orient qui rena\u00eet de ses cendres, comme un ph\u00e9nix, et qui devient un symbole pour le monde entier\u2014o\u00f9 le respect, l&rsquo;amour et la prosp\u00e9rit\u00e9 pour chaque nation sont au c\u0153ur de tout.<\/p>\n<p data-pm-slice=\"1 1 []\"><strong>Yevarech Elohim et Yisra\u2019el, am Avraham, Yitzchak ve-Ya\u2019akov.<\/strong><\/p>\n<p><strong>Que Dieu b\u00e9nisse le peuple d&rsquo;Abraham, d&rsquo;Isaac et de Jacob.<\/strong><\/p>\n<p><strong>Que Dieu b\u00e9nisse la Belgique !<\/strong><\/p>\n<p><strong>Je vous remercie.<\/strong><\/p>\n<p><strong>Sa\u00efd<\/strong><\/p>\n<p>Un bref aper\u00e7u des discours provenant des perspectives isra\u00e9lienne, juive, arabe et chr\u00e9tienne qui ont capt\u00e9 l&rsquo;attention du public et de la presse. \u2b07\ufe0f\u2b07\ufe0f\u2b07\ufe0f<\/p>\n<p><strong>Rabbi Menachm Hertz.<\/strong><\/p>\n<p>\u00ab\u00a0La poursuite de la paix, sans la v\u00e9rit\u00e9 comme fondation, est comme construire une maison sur du sable mouvant. Sans la v\u00e9rit\u00e9, la paix devient vuln\u00e9rable, temporaire et vide. La Bible, les proph\u00e8tes et nos textes sacr\u00e9s offrent tous ce principe fondamental : pour parvenir \u00e0 une paix durable, elle doit \u00eatre ancr\u00e9e dans la v\u00e9rit\u00e9.\u00a0\u00bb<\/p>\n<p><strong>Professor Emeritus Marc Cogen &#8211; UGent &amp; ULB<\/strong><\/p>\n<p>\u00ab\u00a0Les r\u00e9sultats r\u00e9v\u00e8lent une attention critique significative envers Isra\u00ebl, qui est tenu pour seul responsable des cons\u00e9quences de l&rsquo;\u00e9tablissement du pays en 1948. Le mat\u00e9riel p\u00e9dagogique suppose que seul Isra\u00ebl peut r\u00e9soudre le conflit. Il d\u00e9signe l&rsquo;\u00e9tablissement d&rsquo;Isra\u00ebl lui-m\u00eame comme la cause du conflit arm\u00e9 en cours au Moyen-Orient.<\/p>\n<p>Ce sont des tentatives de saper la l\u00e9gitimit\u00e9 de l&rsquo;existence d&rsquo;Isra\u00ebl, malgr\u00e9 les liens historiques du peuple juif avec la terre qui remontent \u00e0 plus de deux mille ans.\u00a0\u00bb<\/p>\n<p><strong>Baronnes Regina Sluszny<\/strong><\/p>\n<p>\u00ab\u00a0Nous devons accepter chaque personne telle qu&rsquo;elle est, telle que nous sommes n\u00e9s, et comprendre qu&rsquo;il n&rsquo;y a aucun sens \u00e0 faire la guerre. Pourquoi entendons-nous les cris d\u00e9chirants de m\u00e8res et de p\u00e8res qui ont perdu leurs enfants dans la brutalit\u00e9 de la guerre ?<\/p>\n<p>Nous voulons la paix pour tous, pas seulement ici en Belgique, mais pour le monde entier.\u00a0\u00bb<\/p>\n<p><strong>Pr Eugenia Daskalopoulou<\/strong><\/p>\n<p>\u00ab\u00a0Nous avons pass\u00e9 des ann\u00e9es \u00e0 construire la confiance avec la communaut\u00e9 juive. Nous avons tendu la main et men\u00e9 d&rsquo;innombrables conversations pour donner vie \u00e0 ce festival. \u00c0 travers cela, nous avons r\u00e9alis\u00e9 que nous n&rsquo;avons pas seulement des pr\u00e9jug\u00e9s envers la communaut\u00e9 juive, mais qu&rsquo;ils ont aussi des pr\u00e9jug\u00e9s envers nous. Avec ce festival, nous brisons les mythes et montrons qui ils sont vraiment.\u00a0\u00bb<\/p>\n<p>https:\/\/www.youtube.com\/watch?v=lwRGJTfSRo8&#038;t=2s<\/p>\n","protected":false},"excerpt":{"rendered":"<p>Communiqu\u00e9 de presse &#8211; Festival Shalom 2024 \u00e0 Anvers GROENPLAATS ANVERS20 OCTOBRE 202414h00 \u00e0 19h00 La 20e \u00e9dition anniversaire du Festival Shalom a \u00e9t\u00e9 organis\u00e9e \u00e0 Anvers comme une d\u00e9claration &#8230;<\/p>\n","protected":false},"author":7,"featured_media":0,"parent":0,"menu_order":0,"comment_status":"closed","ping_status":"closed","template":"","meta":{"_eb_attr":"","ngg_post_thumbnail":0,"footnotes":""},"class_list":["post-2630","page","type-page","status-publish","hentry"],"translation":{"provider":"WPGlobus","version":"3.0.0","language":"fr","enabled_languages":["nl","en","fr"],"languages":{"nl":{"title":false,"content":true,"excerpt":false},"en":{"title":false,"content":true,"excerpt":false},"fr":{"title":false,"content":true,"excerpt":false}}},"_links":{"self":[{"href":"https:\/\/shalomfestival.be\/fr\/wp-json\/wp\/v2\/pages\/2630","targetHints":{"allow":["GET"]}}],"collection":[{"href":"https:\/\/shalomfestival.be\/fr\/wp-json\/wp\/v2\/pages"}],"about":[{"href":"https:\/\/shalomfestival.be\/fr\/wp-json\/wp\/v2\/types\/page"}],"author":[{"embeddable":true,"href":"https:\/\/shalomfestival.be\/fr\/wp-json\/wp\/v2\/users\/7"}],"replies":[{"embeddable":true,"href":"https:\/\/shalomfestival.be\/fr\/wp-json\/wp\/v2\/comments?post=2630"}],"version-history":[{"count":38,"href":"https:\/\/shalomfestival.be\/fr\/wp-json\/wp\/v2\/pages\/2630\/revisions"}],"predecessor-version":[{"id":2771,"href":"https:\/\/shalomfestival.be\/fr\/wp-json\/wp\/v2\/pages\/2630\/revisions\/2771"}],"wp:attachment":[{"href":"https:\/\/shalomfestival.be\/fr\/wp-json\/wp\/v2\/media?parent=2630"}],"curies":[{"name":"wp","href":"https:\/\/api.w.org\/{rel}","templated":true}]}}