{"id":257,"date":"2021-09-23T13:29:30","date_gmt":"2021-09-23T13:29:30","guid":{"rendered":"https:\/\/shalomfestival.be\/?page_id=257"},"modified":"2022-10-19T22:41:58","modified_gmt":"2022-10-19T22:41:58","slug":"over","status":"publish","type":"page","link":"https:\/\/shalomfestival.be\/fr\/over\/","title":{"rendered":"A Propos"},"content":{"rendered":"<h2>Le Festival Shalom est une initiative conjointe&#8230;<\/h2>\n<p>de la Coalition Belge pour Isra\u00ebl, de l&rsquo;Alliance pour la paix au Moyen-Orient, B\u2019nai B\u2019rith, Koinonia Ministries, ORT Belgique, A-net, Beautiful Isra\u00ebl, Chr\u00e9tiens pour Isra\u00ebl et d&rsquo;autres orginisations Juives et Chr\u00e9tiennes.<\/p>\n<h2>Le partenariat entre les deux communaut\u00e9s est&#8230;<\/h2>\n<p>fond\u00e9e sur leurs racines bibliques communes et le respect mutuel de chaque contribution et valeurs respectives. Le message de \u201cShalom-peace-paix-vrede-salaam\u201d exprime d\u2019esp\u00e8rance de paix pour toutes les nations dans le monde. Une v\u00e9ritable preuve que la paix peut triompher contre toute attente et tout obstacle.<\/p>\n<p>\u00a0\t\t<\/p>\n<style>\/*! elementor - v3.7.7 - 20-09-2022 *\/\n.elementor-widget-image{text-align:center}.elementor-widget-image a{display:inline-block}.elementor-widget-image a img[src$=\".svg\"]{width:48px}.elementor-widget-image img{vertical-align:middle;display:inline-block}<\/style>\n<p>\t\t\t\t\t\t\t\t\t\t\t\t<img decoding=\"async\" src=\"https:\/\/shalomfestival.be\/wp-content\/uploads\/2022\/09\/Vredesfestival_Infobrochure_Nederlands_2-Aangepast.png\" title=\"Vredesfestival_Infobrochure_Nederlands_2 (Aangepast)\" alt=\"Vredesfestival_Infobrochure_Nederlands_2 (Aangepast)\" \/><\/p>\n","protected":false},"excerpt":{"rendered":"<p>Le Festival Shalom est une initiative conjointe&#8230; de la Coalition Belge pour Isra\u00ebl, de l&rsquo;Alliance pour la paix au Moyen-Orient, B\u2019nai B\u2019rith, Koinonia Ministries, ORT Belgique, A-net, Beautiful Isra\u00ebl, Chr\u00e9tiens &#8230;<\/p>\n","protected":false},"author":4,"featured_media":0,"parent":0,"menu_order":0,"comment_status":"closed","ping_status":"closed","template":"","meta":{"_eb_attr":"","ngg_post_thumbnail":0,"footnotes":""},"class_list":["post-257","page","type-page","status-publish","hentry"],"translation":{"provider":"WPGlobus","version":"3.0.0","language":"fr","enabled_languages":["nl","en","fr"],"languages":{"nl":{"title":true,"content":true,"excerpt":false},"en":{"title":true,"content":true,"excerpt":false},"fr":{"title":true,"content":true,"excerpt":false}}},"_links":{"self":[{"href":"https:\/\/shalomfestival.be\/fr\/wp-json\/wp\/v2\/pages\/257","targetHints":{"allow":["GET"]}}],"collection":[{"href":"https:\/\/shalomfestival.be\/fr\/wp-json\/wp\/v2\/pages"}],"about":[{"href":"https:\/\/shalomfestival.be\/fr\/wp-json\/wp\/v2\/types\/page"}],"author":[{"embeddable":true,"href":"https:\/\/shalomfestival.be\/fr\/wp-json\/wp\/v2\/users\/4"}],"replies":[{"embeddable":true,"href":"https:\/\/shalomfestival.be\/fr\/wp-json\/wp\/v2\/comments?post=257"}],"version-history":[{"count":173,"href":"https:\/\/shalomfestival.be\/fr\/wp-json\/wp\/v2\/pages\/257\/revisions"}],"predecessor-version":[{"id":1798,"href":"https:\/\/shalomfestival.be\/fr\/wp-json\/wp\/v2\/pages\/257\/revisions\/1798"}],"wp:attachment":[{"href":"https:\/\/shalomfestival.be\/fr\/wp-json\/wp\/v2\/media?parent=257"}],"curies":[{"name":"wp","href":"https:\/\/api.w.org\/{rel}","templated":true}]}}