{"id":2388,"date":"2024-12-20T11:54:03","date_gmt":"2024-12-20T11:54:03","guid":{"rendered":"https:\/\/shalomfestival.be\/?page_id=2388"},"modified":"2025-01-24T17:29:02","modified_gmt":"2025-01-24T17:29:02","slug":"persbericht-antwerpen-2024","status":"publish","type":"page","link":"https:\/\/shalomfestival.be\/fr\/persbericht-antwerpen-2024\/","title":{"rendered":"Communiqu\u00e9 de Presse Anvers 2024"},"content":{"rendered":"<h2>Persbericht Shalomfestival 2024 Antwerpen<\/h2>\n<p><b>GROENPLAATS ANTWERPEN<br \/>20 OKTOBER 2024<br \/>14.00 TOT 19.00<\/b><\/p>\n<p>\t\t\t\t\t\t\t\t\t\t\t\t\t\t\t<img fetchpriority=\"high\" decoding=\"async\" width=\"800\" height=\"630\" src=\"https:\/\/shalomfestival.be\/wp-content\/uploads\/2025\/01\/shalom-1234-1024x807.jpg\" alt=\"\" srcset=\"https:\/\/shalomfestival.be\/wp-content\/uploads\/2025\/01\/shalom-1234-1024x807.jpg 1024w, https:\/\/shalomfestival.be\/wp-content\/uploads\/2025\/01\/shalom-1234-300x236.jpg 300w, https:\/\/shalomfestival.be\/wp-content\/uploads\/2025\/01\/shalom-1234-768x605.jpg 768w, https:\/\/shalomfestival.be\/wp-content\/uploads\/2025\/01\/shalom-1234-1536x1210.jpg 1536w, https:\/\/shalomfestival.be\/wp-content\/uploads\/2025\/01\/shalom-1234.jpg 1730w\" sizes=\"(max-width: 800px) 100vw, 800px\" \/>\t\t\t\t\t\t\t\t\t\t\t\t\t\t\t<\/p>\n<p><strong>Haar 20ste verjaardag editie organiseerde het Shalom Festival\u00a0te Antwerpen, als een\u00a0verkondiging en verlangen \u00a0naar vrede, shalom, salaam, peace te midden van strijd op alle fronten<\/strong>\u00a0in het Midden-Oosten en het vieren van de Bijbelse feesten.<\/p>\n<p><strong>Het stijgende en verontrustende\u00a0 antisemitisme motiveerde des te meer<\/strong>\u00a0om haar grond te staan met\u00a0<strong>een boodschap van co-existentie en wederzijdse erkenning van elkaars bestaansrecht als de weg naar vrede.\u00a0\u00a0<\/strong><\/p>\n<p>De compromisloze waarheid over de geschiedenis- en het Bijbelse recht van Isra\u00ebl op het land blijven steeds het uitgangspunt.\u00a0<strong>Als een uitgestoken hand<\/strong>\u00a0reikte het festival wederom uit\u00a0<strong>naar alle mensen &amp; partijen van goede wil met een oprechte vredeswens<\/strong>.<\/p>\n<p><strong>Met speciale aandacht voor de gijzelaars\u00a0riep\u00a0het Shalom op tegen terrorisme, voor dialoog en vriendschap om harmonieuze relaties<\/strong>\u00a0onder diverse gemeenschappen hier en daar\u00a0te bevorderen.<\/p>\n<p><strong>Met Shalom, Salaam, Sol\u2019h (Perzisch), Peace opende Pastor Said Najafabadi afkomstig uit Iran zijn toespraak.<\/strong><\/p>\n<p>\u00ab\u00a0Dames en heren, broeders en zusters, vrienden van vrede,<br \/>Vandaag staan wij hier met een gedeelde missie: het uitdragen van een boodschap van hoop en verzoening. <strong>We spreken de wens uit voor vrede\u2014shalom, salaam, Sol\u2019h (Perzisch), peace<\/strong>\u2014te midden van de strijd en verwarring die het Midden-Oosten in haar greep houdt. Dit Shalom Festival herinnert ons eraan dat er een weg naar vrede is, zelfs wanneer de omstandigheden uitzichtloos lijken.<\/p>\n<p>In een tijd waarin antisemitisme wereldwijd weer opkomt, wordt onze oproep tot co-existentie en wederzijdse erkenning van elkaars rechten alleen maar urgenter.<br \/>We mogen niet zwijgen in het gezicht van haat en onrecht. <strong>Isra\u00ebl heeft, gebaseerd op zijn geschiedenis en Bijbelse beloften, een legitiem recht op zijn land<\/strong>. Maar dit recht gaat verder dan enkel een territoriale claim; het is een oproep tot vrede, een uitnodiging tot dialoog.<\/p>\n<p>Er wordt soms beweerd dat Isra\u00ebl zich schuldig maakt aan genocide. <strong>Laten wij duidelijk maken dat dit een ernstige onwaarheid is. Isra\u00ebl is het enige democratische land in het Midden-Oosten<\/strong>, een land waar verschillende volkeren en religies in vrede en tolerantie samenleven. Meer dan twee miljoen Arabieren leven als volwaardige burgers in Isra\u00ebl. Dit feit weerlegt elke claim van genocide, want als Isra\u00ebl daadwerkelijk genocide zou plegen, zouden deze Arabische burgers niet vrij en veilig kunnen leven. <strong>Isra\u00ebl is een natie die vrijheid, leven en democratie beschermt\u2014ook voor minderheden.<\/strong> <strong>Als Iraanse voorganger spreek ik hier vandaag namens mijn volk. Wij, Irani\u00ebrs, verlangen vurig naar het einde van de dictatuur die ons land al decennia in haar greep houdt.<\/strong><\/p>\n<p>\t\t\t\t\t\t\t\t\t\t\t\t\t\t\t<img decoding=\"async\" width=\"800\" height=\"800\" src=\"https:\/\/shalomfestival.be\/wp-content\/uploads\/2025\/01\/shalom12345-1024x1024.jpg\" alt=\"\" srcset=\"https:\/\/shalomfestival.be\/wp-content\/uploads\/2025\/01\/shalom12345-1024x1024.jpg 1024w, https:\/\/shalomfestival.be\/wp-content\/uploads\/2025\/01\/shalom12345-300x300.jpg 300w, https:\/\/shalomfestival.be\/wp-content\/uploads\/2025\/01\/shalom12345-150x150.jpg 150w, https:\/\/shalomfestival.be\/wp-content\/uploads\/2025\/01\/shalom12345-768x768.jpg 768w, https:\/\/shalomfestival.be\/wp-content\/uploads\/2025\/01\/shalom12345-1536x1536.jpg 1536w, https:\/\/shalomfestival.be\/wp-content\/uploads\/2025\/01\/shalom12345-2048x2048.jpg 2048w\" sizes=\"(max-width: 800px) 100vw, 800px\" \/><br \/>\n\t\t\t\t\t\t\t\t\t\t\t\t\t\t\t<img decoding=\"async\" width=\"800\" height=\"800\" src=\"https:\/\/shalomfestival.be\/wp-content\/uploads\/2025\/01\/shalom123456-1024x1024.jpg\" alt=\"\" srcset=\"https:\/\/shalomfestival.be\/wp-content\/uploads\/2025\/01\/shalom123456-1024x1024.jpg 1024w, https:\/\/shalomfestival.be\/wp-content\/uploads\/2025\/01\/shalom123456-300x300.jpg 300w, https:\/\/shalomfestival.be\/wp-content\/uploads\/2025\/01\/shalom123456-150x150.jpg 150w, https:\/\/shalomfestival.be\/wp-content\/uploads\/2025\/01\/shalom123456-768x768.jpg 768w, https:\/\/shalomfestival.be\/wp-content\/uploads\/2025\/01\/shalom123456-1536x1536.jpg 1536w, https:\/\/shalomfestival.be\/wp-content\/uploads\/2025\/01\/shalom123456-2048x2048.jpg 2048w\" sizes=\"(max-width: 800px) 100vw, 800px\" \/>\t\t\t\t\t\t\t\t\t\t\t\t\t\t\t<\/p>\n<p>Het Iraanse regime, dat zijn eigen volk onderdrukt en de grootste sponsor van terrorisme in de wereld is, moet ten val komen. Wij willen vrede, vrijheid en een einde aan de ellende die onze regio heeft geteisterd. Irani\u00ebrs die streven naar een leven <strong>in vrijheid staan zij aan zij met Isra\u00ebl in de hoop op een betere toekomst.<\/strong><\/p>\n<p><strong>Isra\u00ebls strijd is niet alleen een strijd voor zijn eigen voortbestaan, maar ook een strijd tegen extremisme en haat die niet alleen het Midden-Oosten, maar ook de rest van de wereld bedreigt.<\/strong> Onze boodschap vandaag is er een van vrede en verzoening. Wij roepen op tot dialoog, tot vriendschap en tot een nieuw Midden-Oosten waarin wederzijds respect en erkenning van elkaars bestaansrecht centraal staan.<\/p>\n<p><strong>We willen ook aandacht vragen voor hen die nog steeds gegijzeld<\/strong> en gevangen zitten in donkere tunnels, mensen die al te lang in angst leven. <strong>We roepen op tot hun onmiddellijke vrijlating<\/strong>. Vrede kan niet worden bereikt zonder rechtvaardigheid. <strong>Er is genoeg bloed vergoten,<\/strong> genoeg families zijn verscheurd. Het is tijd om samen te werken aan een vreedzame toekomst, waar geen enkel kind meer in angst hoeft op te groeien.<\/p>\n<p>Aan onze geliefde volkeren van Isra\u00ebl en Palestina: wij staan aan jullie zijde.<strong> Laten we samen de dans van hoop en verzoening dansen. Laten we de haat en verdeeldheid achter ons laten en uitkijken naar een toekomst van wederzijds respect en liefde. Zolang er haat is, is er geen vrede en geen toekomst mogelijk.<\/strong> De tijd is gekomen voor een nieuw hoofdstuk, een hoofdstuk waarin we bouwen aan een Midden-Oosten van geestelijke, relationele en economische heropbouw.<\/p>\n<p>Laten we de vredesakkoorden verderzetten en samen bouwen aan een Midden-Oosten dat rust, leven, veelvuldig zegen en welvaart ervaart, zoals het Bijbelse hof van Eden, de paradijs.<\/p>\n<p>Een nieuw Midden-Oosten dat als een feniks uit de as herrijst, en een symbool wordt voor de hele wereld\u2014waar respect, liefde en welvaart voor elk land centraal staan.<\/p>\n<p><strong><em>Yevarech Elohim et Yisra\u2019el, am Avraham, Yitzchak ve-Ya\u2019akov<\/em><\/strong><br \/><strong><em>God zegene het volk van Abraham, Isaac en Jacob<\/em><\/strong><br \/><strong><em>God zegene ons Belgi\u00eb!<\/em><\/strong><\/p>\n<p>Een kleine glimp uit de toespraken vanuit Isra\u00eblisch, Joods, Arabisch en Christelijk perspectief die de aandacht van het publiek en de pers trokken.\u00a0<\/p>\n<p><strong>Rabbijn Menachem Hertz<\/strong><\/p>\n<p>\u00ab\u00a0Het nastreven van vrede, zonder de waarheid als fundament, is als een huis te bouwen op drijfzand.\u00a0\u00bb <br \/>Zonder waarheid wordt vrede kwetsbaar, tijdelijk en leeg. De Bijbel, de profeten en onze heilige teksten bieden allemaal dit fundamentele principe: om duurzame vrede te bereiken, moet deze verankerd zijn in waarheid.\u00a0\u00bb<\/p>\n<p><strong>Professor Emeritus Marc Cogen &#8211; UGent &amp; ULB<\/strong><\/p>\n<p>\u00ab\u00a0De bevindingen onthullen een grote bekritiserende aandacht voor Isra\u00ebl dat de uitsluitende verantwoordelijkheid krijgt toebedeeld voor de nasleep van de oprichting van het land in 1948. Het gebruikte lesmateriaal gaat ervan uit dat alleen Isra\u00ebl het conflict kan oplossen. Het lesmateriaal duidt de vinger naar de oprichting van Isra\u00ebl zelf als oorzaak van het aan gang zijnde gewapend conflict in het Midden-Oosten.<br \/>Dit zijn pogingen om het bestaansrecht van Isra\u00ebl te ondermijnen ondanks de historische Joodse banden met het land die meer dan tweeduizend jaar teruggaan.\u00a0\u00bb<\/p>\n<p><strong>Barones Regina Sluszny<\/strong><\/p>\n<p>\u00ab\u00a0We moeten elke persoon accepteren zoals hij of zij is, net zoals wij geboren zijn, en begrijpen dat er geen nut is in het voeren van oorlog. Waarom horen we de hartverscheurende kreten van moeders en vaders die hun kinderen hebben verloren in de brutaliteit van de oorlog?<br \/>Wij willen vrede voor iedereen, niet alleen hier in Belgi\u00eb, maar voor de hele wereld.\u00a0\u00bb<\/p>\n<p><strong>Pr Eugenia Daskalopoulou<\/strong><\/p>\n<p>\u201cWij hebben jaren gebouwd aan het vertrouwen winnen van de Joodse gemeenschap. We hebben de hand uitgereikt en hebben talloze gesprekken gevoerd om tot dit festival te komen. Hierdoor merkten we dat wij niet alleen met vooroordelen zitten naar de Joodse gemeenschap, maar zij ook naar ons toe. Met dit festival doorbreken we de mythes en laten we zien wie ze echt zijn.<\/p>\n<p><iframe title=\"Shalom Festival 2024 Groenplaats\" width=\"800\" height=\"450\" src=\"https:\/\/www.youtube.com\/embed\/lwRGJTfSRo8?feature=oembed\" frameborder=\"0\" allow=\"accelerometer; autoplay; clipboard-write; encrypted-media; gyroscope; picture-in-picture; web-share\" referrerpolicy=\"strict-origin-when-cross-origin\" allowfullscreen><\/iframe><\/p>\n","protected":false},"excerpt":{"rendered":"<p>Persbericht Shalomfestival 2024 Antwerpen GROENPLAATS ANTWERPEN20 OKTOBER 202414.00 TOT 19.00 Haar 20ste verjaardag editie organiseerde het Shalom Festival\u00a0te Antwerpen, als een\u00a0verkondiging en verlangen \u00a0naar vrede, shalom, salaam, peace te midden &#8230;<\/p>\n","protected":false},"author":7,"featured_media":2480,"parent":0,"menu_order":0,"comment_status":"closed","ping_status":"closed","template":"","meta":{"_eb_attr":"","ngg_post_thumbnail":0,"footnotes":""},"class_list":["post-2388","page","type-page","status-publish","has-post-thumbnail","hentry"],"translation":{"provider":"WPGlobus","version":"3.0.0","language":"fr","enabled_languages":["nl","en","fr"],"languages":{"nl":{"title":true,"content":true,"excerpt":false},"en":{"title":true,"content":false,"excerpt":false},"fr":{"title":true,"content":false,"excerpt":false}}},"_links":{"self":[{"href":"https:\/\/shalomfestival.be\/fr\/wp-json\/wp\/v2\/pages\/2388","targetHints":{"allow":["GET"]}}],"collection":[{"href":"https:\/\/shalomfestival.be\/fr\/wp-json\/wp\/v2\/pages"}],"about":[{"href":"https:\/\/shalomfestival.be\/fr\/wp-json\/wp\/v2\/types\/page"}],"author":[{"embeddable":true,"href":"https:\/\/shalomfestival.be\/fr\/wp-json\/wp\/v2\/users\/7"}],"replies":[{"embeddable":true,"href":"https:\/\/shalomfestival.be\/fr\/wp-json\/wp\/v2\/comments?post=2388"}],"version-history":[{"count":61,"href":"https:\/\/shalomfestival.be\/fr\/wp-json\/wp\/v2\/pages\/2388\/revisions"}],"predecessor-version":[{"id":2750,"href":"https:\/\/shalomfestival.be\/fr\/wp-json\/wp\/v2\/pages\/2388\/revisions\/2750"}],"wp:featuredmedia":[{"embeddable":true,"href":"https:\/\/shalomfestival.be\/fr\/wp-json\/wp\/v2\/media\/2480"}],"wp:attachment":[{"href":"https:\/\/shalomfestival.be\/fr\/wp-json\/wp\/v2\/media?parent=2388"}],"curies":[{"name":"wp","href":"https:\/\/api.w.org\/{rel}","templated":true}]}}