{"id":2264,"date":"2023-10-29T01:08:36","date_gmt":"2023-10-29T01:08:36","guid":{"rendered":"https:\/\/shalomfestival.be\/?page_id=2264"},"modified":"2023-10-29T01:51:42","modified_gmt":"2023-10-29T01:51:42","slug":"persbericht","status":"publish","type":"page","link":"https:\/\/shalomfestival.be\/fr\/persbericht\/","title":{"rendered":"communiqu\u00e9 de presse"},"content":{"rendered":"<p style=\"text-align: center;\"><b><br \/>Comminiqu\u00e9 de Presse Festival Shalom 2023<br \/>GROENPLAATS ANVERS<br \/>UN SON DIFF\u00c9RENT AU MILIEU DE LA GUERRE<br \/><\/b><\/p>\n<p><strong>Festival Shalom \u00e0 la Groenplaats d&rsquo;Anvers : un son diff\u00e9rent au milieu de la guerre<\/strong><\/p>\n<p><strong>C&rsquo;est dans l&rsquo;obscurit\u00e9 que la lumi\u00e8re brille le plus et le credo de la paix est encore plus vital lorsque les missiles fusent de part et d&rsquo;autre.<\/strong> C&rsquo;est dans cet esprit que le festival annuel Shalom s&rsquo;est d\u00e9roul\u00e9 le 15 octobre au Groenplaats d&rsquo;Anvers, malgr\u00e9 la menace accrue apr\u00e8s l&rsquo;attaque terroriste du 7 octobre. \u00ab\u00a0Pour Isra\u00ebl, mais aussi pour le peuple palestinien qui g\u00e9mit sous le r\u00e9gime de la terreur\u00a0\u00bb, a d\u00e9clar\u00e9 la coordinatrice Katia Van De Broeck. \u00ab\u00a0Aujourd&rsquo;hui en particulier, nous pensons qu&rsquo;il est important d&rsquo;\u00eatre ici. Avec une s\u00e9curit\u00e9 polici\u00e8re renforc\u00e9e et un programme moins festif (ax\u00e9 sur les familles touch\u00e9es par l&rsquo;attaque terroriste), les organisateurs ont donn\u00e9 un son multiculturel et vari\u00e9 de paix pour Isra\u00ebl et de prosp\u00e9rit\u00e9 pour le Moyen-Orient.<\/p>\n<p><strong>Pourquoi Shalom?<\/strong> Le festival Shalom est une initiative d&rsquo;organisations juives et chr\u00e9tiennes \u00e9vang\u00e9liques qui unissent leurs forces pour lutter contre l&rsquo;antis\u00e9mitisme et promouvoir la paix et la coexistence dans leur ville, leur pays et au Moyen-Orient.<\/p>\n<p><strong>\u00ab\u00a0Nous venons de loin\u00a0\u00bb<\/strong>, d\u00e9clare Eugenia Daskalopoulou, l&rsquo;une des organisatrices, dans son discours d&rsquo;ouverture, alors qu&rsquo;elle se tient \u00e0 c\u00f4t\u00e9 de Regina Sluszny, une dirigeante de la communaut\u00e9 juive (qui a surv\u00e9cu \u00e0 la Seconde Guerre mondiale, cach\u00e9e par des chr\u00e9tiens), montrant ainsi sa reconnaissance pour la coop\u00e9ration chaleureuse qui s&rsquo;est instaur\u00e9e. Nous nous sommes souvent retrouv\u00e9s sur cette sc\u00e8ne et, au nom des chr\u00e9tiens, j&rsquo;ai demand\u00e9 pardon pour les souffrances inflig\u00e9es aux juifs au cours des si\u00e8cles \u00ab\u00a0au nom de Dieu\u00a0\u00bb. Elle encourage le public \u00e0 agir en tant <strong>qu&rsquo;artisan de la paix<\/strong> et \u00e0 prendre la responsabilit\u00e9 de chercher la voie de l&rsquo;amiti\u00e9, en s&rsquo;appuyant sur les nombreux facteurs qui lient les personnes d&rsquo;une m\u00eame ville et d&rsquo;une m\u00eame r\u00e9gion. Regina ajoute que notre valeur en tant qu&rsquo;\u00eatres humains n&rsquo;est pas fond\u00e9e sur la religion ou l&rsquo;origine. <strong>\u00ab\u00a0En tant qu&rsquo;\u00eatres humains, nous sommes tous \u00e9gaux. Ce sont nos choix qui comptent et qui disent qui nous sommes\u00a0\u00bb.<\/strong><\/p>\n<p>L&rsquo;hymne National Isra\u00e9lien la \u00ab\u00a0Hatikvah\u00a0\u00bb, la musique isra\u00e9lienne, juive et gospel, mais aussi une prestation du chanteur de blues Boogie Boy, qui avait \u00e9crit une chanson sp\u00e9cialement pour l&rsquo;occasion, alternent avec des discours de l&rsquo;apr\u00e8s-midi jusqu&rsquo;au soir, <strong>partageant l&rsquo;espoir,<\/strong> <strong>le r\u00e9confort et la foi<\/strong>. Les 120 citoyens isra\u00e9liens enlev\u00e9s apparaissent sur l&rsquo;\u00e9cran de projection et des panneaux avec des photos sont dress\u00e9s, d&rsquo;un b\u00e9b\u00e9 de six mois \u00e0 une personne \u00e2g\u00e9e en fauteuil roulant ; des parents, des enfants, des femmes et des hommes. Des repr\u00e9sentants de diff\u00e9rentes nationalit\u00e9s expriment leur engagement. Parmi eux, <strong>un leader de la communaut\u00e9 iranienne<\/strong> qui vit en Belgique depuis des ann\u00e9es. Conscient de l&rsquo;hostilit\u00e9 de son pays d&rsquo;origine, il exprime sa solidarit\u00e9 avec <strong>les familles touch\u00e9es<\/strong> et sa profonde appr\u00e9ciation des valeurs d\u00e9mocratiques et spirituelles et morales d&rsquo;Isra\u00ebl. Il \u00e9voque la riche histoire et les relations que la Perse entretenait traditionnellement avec Isra\u00ebl jusqu&rsquo;\u00e0 la r\u00e9volution islamique et appelle son peuple \u00e0 s&rsquo;en souvenir et \u00e0 y revenir. Il souhaite que l&rsquo;Iran participe \u00e9galement aux trait\u00e9s d&rsquo;Abraham \u00e0 l&rsquo;avenir. <strong>\u00ab\u00a0J&rsquo;aime Isra\u00ebl\u00a0\u00bb<\/strong>, d\u00e9clare un visiteur irakien qui, tenant trois drapeaux isra\u00e9liens, se fait prendre en photo avec l&rsquo;un des dirigeants de l&rsquo;organisation pr\u00e9sents.<\/p>\n<p>Idit Rosenzweig Abu, ambassadeur d&rsquo;Isra\u00ebl, appelle \u00e0 soutenir la lutte : \u00ab\u00a0Le Hamas est ISIS ; m\u00eame id\u00e9ologie, m\u00eames m\u00e9thodes. Le Hamas utilise la m\u00eame terreur contre le peuple palestinien. La lutte contre le Hamas est en fin de compte la bataille commune pour <strong>sauver le monde du terrorisme.<\/strong> Allez-vous nous apporter le m\u00eame soutien que celui qui a \u00e9t\u00e9 accord\u00e9 aux \u00c9tats-Unis lorsqu&rsquo;ils \u00e9taient confront\u00e9s \u00e0 ISIS ?\u00a0\u00bb <strong>\u00ab\u00a0Il n&rsquo;y a plus de place pour la neutralit\u00e9 morale\u00a0\u00bb,<\/strong> ajoute Patricia Teitelbaum (Amis belges d&rsquo;Isra\u00ebl) dans son appel \u00e0 demander des comptes au Hamas. Andr\u00e9 Gantman, conseiller municipal \u00e0 Anvers, poursuit : \u00ab\u00a0Si nous voulons la paix au Moyen-Orient, les organisations terroristes doivent \u00eatre ray\u00e9es de la carte.<\/p>\n<p>Le fil conducteur qui relie les diff\u00e9rents points de vue est la lutte pour un avenir commun au lieu de la polarisation et de la diabolisation. Un journaliste : \u00ab\u00a0Vous parlez de la terreur du Hamas, mais que pensez-vous des actions men\u00e9es par Isra\u00ebl contre les Palestiniens depuis des ann\u00e9es ?\u00a0\u00bb Le d\u00e9put\u00e9 europ\u00e9en Michael Freilich r\u00e9pond : \u00ab\u00a0D&rsquo;une part, il n&rsquo;y a pas lieu d&rsquo;amener le conflit du Moyen-Orient en Europe. Il y a plus de choses qui nous unissent que de choses qui nous divisent. <strong>Nous travaillons ensemble, nous vivons ensemble et nous devons voir que nous pouvons r\u00e9soudre nos probl\u00e8mes ensemble<\/strong>. \u00ab\u00a0D&rsquo;autre part, la plupart des Isra\u00e9liens et des membres de la communaut\u00e9 juive, ainsi que de nombreux Palestiniens, sont favorables \u00e0 une solution \u00e0 deux \u00c9tats, pour autant que les parties <strong>reconnaissent le droit \u00e0 l&rsquo;existence<\/strong> de l&rsquo;autre et n&rsquo;aient pas l&rsquo;intention de rayer Isra\u00ebl de la carte.<\/p>\n<p>LINKS:<\/p>\n<p><a href=\"http:\/\/www.shalomfestival.be\/\">www.shalomfestival.be<\/a><\/p>\n<p><a href=\"https:\/\/www.hln.be\/videos\/productie\/shalom-festival-antwerpen-404437\">https:\/\/www.hln.be\/videos\/productie\/shalom-festival-antwerpen-404437<\/a><\/p>\n<p><a href=\"https:\/\/www.hln.be\/antwerpen\/kijk-oorlog-of-niet-israelisch-vredesfestival-op-antwerpse-groenplaats-gaat-door-voor-israel-maar-ook-voor-de-palestijnse-mensen~a44e2a19\/\">https:\/\/www.hln.be\/antwerpen\/kijk-oorlog-of-niet-israelisch-vredesfestival-op-antwerpse-groenplaats-gaat-door-voor-israel-maar-ook-voor-de-palestijnse-mensen~a44e2a19\/<\/a><\/p>\n<p><a href=\"https:\/\/www.nieuwsblad.be\/cnt\/dmf20231015_97289112\">https:\/\/www.nieuwsblad.be\/cnt\/dmf20231015_97289112<\/a><\/p>\n<p><a href=\"https:\/\/www.hln.be\/videos\/productie\/shalom-festival-antwerpen-404437\">https:\/\/www.hln.be\/videos\/productie\/shalom-festival-antwerpen-404437<\/a><\/p>\n<p>Video:<\/p>\n<p><a href=\"https:\/\/www.youtube.com\/watch?v=Njht-D5UDW8\">Livestream Festival Shalom\u00a0<\/a><\/p>\n<p><a href=\"https:\/\/www.gva.be\/cnt\/dmf20231015_95756580\">https:\/\/www.gva.be\/cnt\/dmf20231015_95756580<\/a><\/p>\n<p>L&rsquo;Alliance pour la paix au Moyen-Orient<\/p>\n<p>La Coalition belge pour Isra\u00ebl<\/p>\n<p><a href=\"https:\/\/koinonia.be\/\">Koinonia Ministries<\/a><\/p>\n<p>\u00a0\t\t<\/p>\n<style>\/*! elementor - v3.16.0 - 17-10-2023 *\/\n.elementor-widget-image{text-align:center}.elementor-widget-image a{display:inline-block}.elementor-widget-image a img[src$=\".svg\"]{width:48px}.elementor-widget-image img{vertical-align:middle;display:inline-block}<\/style>\n<p>\t\t\t\t\t\t\t\t\t\t\t\t<img loading=\"lazy\" decoding=\"async\" width=\"800\" height=\"719\" src=\"https:\/\/shalomfestival.be\/wp-content\/uploads\/2023\/10\/ShalomFestival2023AntwerpenPictures4-1024x920.jpeg\" alt=\"\" loading=\"lazy\" srcset=\"https:\/\/shalomfestival.be\/wp-content\/uploads\/2023\/10\/ShalomFestival2023AntwerpenPictures4-1024x920.jpeg 1024w, https:\/\/shalomfestival.be\/wp-content\/uploads\/2023\/10\/ShalomFestival2023AntwerpenPictures4-300x270.jpeg 300w, https:\/\/shalomfestival.be\/wp-content\/uploads\/2023\/10\/ShalomFestival2023AntwerpenPictures4-768x690.jpeg 768w, https:\/\/shalomfestival.be\/wp-content\/uploads\/2023\/10\/ShalomFestival2023AntwerpenPictures4-1536x1381.jpeg 1536w, https:\/\/shalomfestival.be\/wp-content\/uploads\/2023\/10\/ShalomFestival2023AntwerpenPictures4.jpeg 1709w\" sizes=\"auto, (max-width: 800px) 100vw, 800px\" \/><br \/>\n\t\t\t\t\t\t\t\t\t\t\t\t\t\t\t<img loading=\"lazy\" decoding=\"async\" width=\"800\" height=\"534\" src=\"https:\/\/shalomfestival.be\/wp-content\/uploads\/2023\/10\/ShalomFestival2023AntwerpenPictures3-1024x683.jpeg\" alt=\"\" loading=\"lazy\" srcset=\"https:\/\/shalomfestival.be\/wp-content\/uploads\/2023\/10\/ShalomFestival2023AntwerpenPictures3-1024x683.jpeg 1024w, https:\/\/shalomfestival.be\/wp-content\/uploads\/2023\/10\/ShalomFestival2023AntwerpenPictures3-300x200.jpeg 300w, https:\/\/shalomfestival.be\/wp-content\/uploads\/2023\/10\/ShalomFestival2023AntwerpenPictures3-768x512.jpeg 768w, https:\/\/shalomfestival.be\/wp-content\/uploads\/2023\/10\/ShalomFestival2023AntwerpenPictures3.jpeg 1080w\" sizes=\"auto, (max-width: 800px) 100vw, 800px\" \/><br \/>\n\t\t\t\t\t\t\t\t\t\t\t\t\t\t\t<img loading=\"lazy\" decoding=\"async\" width=\"800\" height=\"534\" src=\"https:\/\/shalomfestival.be\/wp-content\/uploads\/2023\/10\/ShalomFestival2023AntwerpenPictures2-1024x683.jpeg\" alt=\"\" loading=\"lazy\" srcset=\"https:\/\/shalomfestival.be\/wp-content\/uploads\/2023\/10\/ShalomFestival2023AntwerpenPictures2-1024x683.jpeg 1024w, https:\/\/shalomfestival.be\/wp-content\/uploads\/2023\/10\/ShalomFestival2023AntwerpenPictures2-300x200.jpeg 300w, https:\/\/shalomfestival.be\/wp-content\/uploads\/2023\/10\/ShalomFestival2023AntwerpenPictures2-768x512.jpeg 768w, https:\/\/shalomfestival.be\/wp-content\/uploads\/2023\/10\/ShalomFestival2023AntwerpenPictures2.jpeg 1080w\" sizes=\"auto, (max-width: 800px) 100vw, 800px\" \/><br \/>\n\t\t\t\t\t\t\t\t\t\t\t\t\t\t\t<img loading=\"lazy\" decoding=\"async\" width=\"800\" height=\"575\" src=\"https:\/\/shalomfestival.be\/wp-content\/uploads\/2023\/10\/ShalomFestival2023AntwerpenPictures1-1024x736.jpeg\" alt=\"\" loading=\"lazy\" srcset=\"https:\/\/shalomfestival.be\/wp-content\/uploads\/2023\/10\/ShalomFestival2023AntwerpenPictures1-1024x736.jpeg 1024w, https:\/\/shalomfestival.be\/wp-content\/uploads\/2023\/10\/ShalomFestival2023AntwerpenPictures1-300x216.jpeg 300w, https:\/\/shalomfestival.be\/wp-content\/uploads\/2023\/10\/ShalomFestival2023AntwerpenPictures1-768x552.jpeg 768w, https:\/\/shalomfestival.be\/wp-content\/uploads\/2023\/10\/ShalomFestival2023AntwerpenPictures1.jpeg 1080w\" sizes=\"auto, (max-width: 800px) 100vw, 800px\" \/><br \/>\n\t\t\t\t\t\t\t\t\t\t\t\t\t\t\t<img loading=\"lazy\" decoding=\"async\" width=\"730\" height=\"1024\" src=\"https:\/\/shalomfestival.be\/wp-content\/uploads\/2023\/09\/Shalom-Festival-Antwerpen-2023-Flyer-Front-730x1024.jpeg\" alt=\"\" loading=\"lazy\" srcset=\"https:\/\/shalomfestival.be\/wp-content\/uploads\/2023\/09\/Shalom-Festival-Antwerpen-2023-Flyer-Front-730x1024.jpeg 730w, https:\/\/shalomfestival.be\/wp-content\/uploads\/2023\/09\/Shalom-Festival-Antwerpen-2023-Flyer-Front-214x300.jpeg 214w, https:\/\/shalomfestival.be\/wp-content\/uploads\/2023\/09\/Shalom-Festival-Antwerpen-2023-Flyer-Front-768x1078.jpeg 768w, https:\/\/shalomfestival.be\/wp-content\/uploads\/2023\/09\/Shalom-Festival-Antwerpen-2023-Flyer-Front-1094x1536.jpeg 1094w, https:\/\/shalomfestival.be\/wp-content\/uploads\/2023\/09\/Shalom-Festival-Antwerpen-2023-Flyer-Front.jpeg 1459w\" sizes=\"auto, (max-width: 730px) 100vw, 730px\" \/><br \/>\n\t\t\t\t\t\t\t\t\t\t\t\t\t\t\t<img loading=\"lazy\" decoding=\"async\" width=\"729\" height=\"1024\" src=\"https:\/\/shalomfestival.be\/wp-content\/uploads\/2023\/09\/Shalom-Festival-Antwerpen-2023-Flyer-Back-729x1024.jpeg\" alt=\"\" loading=\"lazy\" srcset=\"https:\/\/shalomfestival.be\/wp-content\/uploads\/2023\/09\/Shalom-Festival-Antwerpen-2023-Flyer-Back-729x1024.jpeg 729w, https:\/\/shalomfestival.be\/wp-content\/uploads\/2023\/09\/Shalom-Festival-Antwerpen-2023-Flyer-Back-214x300.jpeg 214w, https:\/\/shalomfestival.be\/wp-content\/uploads\/2023\/09\/Shalom-Festival-Antwerpen-2023-Flyer-Back-768x1079.jpeg 768w, https:\/\/shalomfestival.be\/wp-content\/uploads\/2023\/09\/Shalom-Festival-Antwerpen-2023-Flyer-Back-1093x1536.jpeg 1093w, https:\/\/shalomfestival.be\/wp-content\/uploads\/2023\/09\/Shalom-Festival-Antwerpen-2023-Flyer-Back.jpeg 1139w\" sizes=\"auto, (max-width: 729px) 100vw, 729px\" \/><\/p>\n","protected":false},"excerpt":{"rendered":"<p>Comminiqu\u00e9 de Presse Festival Shalom 2023GROENPLAATS ANVERSUN SON DIFF\u00c9RENT AU MILIEU DE LA GUERRE Festival Shalom \u00e0 la Groenplaats d&rsquo;Anvers : un son diff\u00e9rent au milieu de la guerre C&rsquo;est &#8230;<\/p>\n","protected":false},"author":5,"featured_media":0,"parent":0,"menu_order":0,"comment_status":"closed","ping_status":"closed","template":"","meta":{"_eb_attr":"","ngg_post_thumbnail":0,"footnotes":""},"class_list":["post-2264","page","type-page","status-publish","hentry"],"translation":{"provider":"WPGlobus","version":"3.0.0","language":"fr","enabled_languages":["nl","en","fr"],"languages":{"nl":{"title":true,"content":true,"excerpt":false},"en":{"title":true,"content":true,"excerpt":false},"fr":{"title":true,"content":true,"excerpt":false}}},"_links":{"self":[{"href":"https:\/\/shalomfestival.be\/fr\/wp-json\/wp\/v2\/pages\/2264","targetHints":{"allow":["GET"]}}],"collection":[{"href":"https:\/\/shalomfestival.be\/fr\/wp-json\/wp\/v2\/pages"}],"about":[{"href":"https:\/\/shalomfestival.be\/fr\/wp-json\/wp\/v2\/types\/page"}],"author":[{"embeddable":true,"href":"https:\/\/shalomfestival.be\/fr\/wp-json\/wp\/v2\/users\/5"}],"replies":[{"embeddable":true,"href":"https:\/\/shalomfestival.be\/fr\/wp-json\/wp\/v2\/comments?post=2264"}],"version-history":[{"count":25,"href":"https:\/\/shalomfestival.be\/fr\/wp-json\/wp\/v2\/pages\/2264\/revisions"}],"predecessor-version":[{"id":2304,"href":"https:\/\/shalomfestival.be\/fr\/wp-json\/wp\/v2\/pages\/2264\/revisions\/2304"}],"wp:attachment":[{"href":"https:\/\/shalomfestival.be\/fr\/wp-json\/wp\/v2\/media?parent=2264"}],"curies":[{"name":"wp","href":"https:\/\/api.w.org\/{rel}","templated":true}]}}