{"id":2,"date":"2021-08-19T03:50:16","date_gmt":"2021-08-19T03:50:16","guid":{"rendered":"http:\/\/shalomfestivalbe.local\/?page_id=2"},"modified":"2025-10-25T06:20:35","modified_gmt":"2025-10-25T06:20:35","slug":"startpagina","status":"publish","type":"page","link":"https:\/\/shalomfestival.be\/fr\/","title":{"rendered":"ACCUEIL"},"content":{"rendered":"<h2>Shalom Festival<\/h2>\n<h4>Cet \u00e9v\u00e9nement color\u00e9 et multiculturel se passe chaque ann\u00e9e \u00e0 Bruxelles et \u00e0 Anvers. Il s&rsquo;agit d&rsquo;une collaboration entre les chr\u00e9tiens \u00e9vang\u00e9liques et la communaut\u00e9 juive de Bruxelles et d&rsquo;Anvers. En conservant chacun sa propre identit\u00e9, ils se rejoignent avec un message de paix au public, dans la rue et vers les m\u00e9dias.<br \/><\/h4>\n<p>\u00a0\u00a0<\/p>\n<h3 style=\"text-align: left;\">-Quelques d\u00e9clarations au festival-<\/h3>\n<p>\u2018Et alors que pendant plus de deux mill\u00e9naire, les juifs de g\u00e9n\u00e9ration en g\u00e9n\u00e9ration, ont r\u00e9p\u00e9t\u00e9 le verset biblique : \u00ab Si je t\u2019oublie J\u00e9rusalem, que ma main droite oublie de me servir \u00bb, aujourd\u2019hui, ce sont d\u2019autres versets qui nous viennent aux l\u00e8vres : \u00ab Qu\u2019ils soient heureux ceux qui t\u2019aiment. Que la paix r\u00e8gne dans tes murs, la s\u00e9curit\u00e9 dans tes palais. Pour mes fr\u00e8res et mes amis, je t\u2019offre tous mes v\u0153ux de bonheur \u00bb.\u2019<\/p>\n<h6>Albert Guigui, le grand Rabbin de Bruxelles<\/h6>\n<p>\u00a0<\/p>\n<p>La Terre promise est \u00e0 l\u2019avant-garde en mati\u00e8re d\u2019environnement et de plus en plus de pays, d\u2019entreprises et de particuliers dans le monde entier la suivent. Tout le monde est au courant de la technologie isra\u00e9lienne en mati\u00e8re de gouttes. Ce qui est moins connu, c\u2019est l\u2019histoire derri\u00e8re les innovations agricoles. Celles-ci ont commenc\u00e9 comme une r\u00e9ponse \u00e0 un besoin, lorsque personne ne voulait vendre de semences aux Juifs avant la cr\u00e9ation de l\u2019\u00c9tat d\u2019Isra\u00ebl. Les Isra\u00e9liens se sont mis au travail, sans marche pour le climat, mais avec espoir ! Pas de panique, pas de tricherie, ne pas bl\u00e2mer les autres. C\u2019est ainsi qu\u2019est n\u00e9e la relance de la nature et la plantation d\u2019arbres en Isra\u00ebl. Ce qui n\u2019est pas une mince affaire quand on sait que 60% du territoire est d\u00e9sertique. Isra\u00ebl connaissait l\u2019\u00e9co-r\u00e9alisme avant m\u00eame que le terme ne soit invent\u00e9. Le message le plus important est l\u2019espoir. Les gens sont capables d\u2019accomplissements exceptionnels dans la r\u00e9solution de probl\u00e8mes. Isra\u00ebl est vraiment une lumi\u00e8re pour les nations.<\/p>\n<h6>MICHAEL FREILICH, MEMBRE DU PARLEMENT (N-VA),<br \/>ANCIEN R\u00c9DACTEUR EN CHEF DE \u2018JOODS ACTUEEL\u2019.<\/h6>\n<p>\u00a0<\/p>\n<p>Shalom ne peut \u00eatre aveugle \u00e0 la v\u00e9rit\u00e9 et \u00e0 la justice. En tant que descendants de g\u00e9n\u00e9rations qui ont fait du mal au peuple juif avec une douleur terrible et pers\u00e9cution, nous nous excusons et plus que jamais nous voulons r\u00e9pondre \u00e0 l\u2019appel du Tanakh, de prier pour votre paix et la paix de J\u00e9rusalem.<\/p>\n<h6>LEO MAECKELBERGHE, PASTEUR DE L\u2019\u00c9GLISE \u00c9VANG\u00c9LIQUE PHILADELPHIA \u00c0 ANVERS HOBOKEN.<\/p>\n<\/h6>\n<p>Pendant la terreur des attaques \u00e0 la roquette \u00e0 Yated, une petite ville pr\u00e8s de la fronti\u00e8re de la bande de Gaza, j\u2019ai d\u00e9cid\u00e9 de d\u00e9passer la peur, de cr\u00e9er quelque chose \u00e0 partir de la destruction. J\u2019ai surv\u00e9cu deux fois aux attaques. J\u2019ai remodel\u00e9 les instruments de la mort en objets, pleins de beaut\u00e9 et de paix. Mon message aux opposants est que la communication est pr\u00e9f\u00e9rable \u00e0 la guerre. Mon inspiration est la d\u00e9claration biblique du proph\u00e8te Isa\u00efe 2:16b. \u00ab Ils feront de leurs \u00e9p\u00e9es des socs de charrue et de leurs lances des serpes\u201d (NIV).<\/p>\n<h6>YARON BOB, ENSEIGNANT ISRA\u00c9LIEN ET ARTISTE FORGERON DE \u2018ROCKETS TO ROSES\u2019.<\/h6>\n<p>\u00a0<\/p>\n<p>\u201cLa soci\u00e9t\u00e9 multiculturelle en Isra\u00ebl est une r\u00e9alit\u00e9. 20% de la population isra\u00e9lienne est compos\u00e9e d\u2019arabes\u201d.<\/p>\n<h6>Charlotte Gutman, Pr\u00e9sidente du r\u00e9seau d\u2019enseignement \u2018ORT WORLD\u2019 en BELGIQUE<\/h6>\n<p>\u00a0<\/p>\n<h3 style=\"text-align: center;\"><strong>FESTIVAL SHALOM 2025<\/strong><\/h3>\n<h3 style=\"text-align: center;\" data-extension-version=\"1.0.4\"><strong>ANVERS<\/strong><\/h3>\n<h3 style=\"text-align: center;\"><strong>26 Octobre 2025<\/strong><\/h3>\n<p>\t\t\t\t\t\t\t\t\t\t\t\t\t\t\t\t<a href=\"https:\/\/shalomfestival.be\/fr\/communique-de-presse-festival-shalom-2024-a-anvers\/\"><br \/>\n\t\t\t\t\t\t\t<img fetchpriority=\"high\" decoding=\"async\" width=\"729\" height=\"1024\" src=\"https:\/\/shalomfestival.be\/wp-content\/uploads\/2025\/10\/SchalomFestival2025-Front-729x1024.jpg\" alt=\"\" srcset=\"https:\/\/shalomfestival.be\/wp-content\/uploads\/2025\/10\/SchalomFestival2025-Front-729x1024.jpg 729w, https:\/\/shalomfestival.be\/wp-content\/uploads\/2025\/10\/SchalomFestival2025-Front-214x300.jpg 214w, https:\/\/shalomfestival.be\/wp-content\/uploads\/2025\/10\/SchalomFestival2025-Front-768x1079.jpg 768w, https:\/\/shalomfestival.be\/wp-content\/uploads\/2025\/10\/SchalomFestival2025-Front-1093x1536.jpg 1093w, https:\/\/shalomfestival.be\/wp-content\/uploads\/2025\/10\/SchalomFestival2025-Front.jpg 1139w\" sizes=\"(max-width: 729px) 100vw, 729px\" \/>\t\t\t\t\t\t\t\t<\/a><br \/>\n\t\t\t\t\t\t\t\t\t\t\t\t\t\t\t\t<a href=\"https:\/\/shalomfestival.be\/fr\/communique-de-presse-festival-shalom-2024-a-anvers\/\"><br \/>\n\t\t\t\t\t\t\t<img decoding=\"async\" width=\"724\" height=\"1024\" src=\"https:\/\/shalomfestival.be\/wp-content\/uploads\/2025\/10\/SchalomFestival2025-Back-724x1024.jpg\" alt=\"\" srcset=\"https:\/\/shalomfestival.be\/wp-content\/uploads\/2025\/10\/SchalomFestival2025-Back-724x1024.jpg 724w, https:\/\/shalomfestival.be\/wp-content\/uploads\/2025\/10\/SchalomFestival2025-Back-212x300.jpg 212w, https:\/\/shalomfestival.be\/wp-content\/uploads\/2025\/10\/SchalomFestival2025-Back-768x1086.jpg 768w, https:\/\/shalomfestival.be\/wp-content\/uploads\/2025\/10\/SchalomFestival2025-Back-1086x1536.jpg 1086w, https:\/\/shalomfestival.be\/wp-content\/uploads\/2025\/10\/SchalomFestival2025-Back.jpg 1131w\" sizes=\"(max-width: 724px) 100vw, 724px\" \/>\t\t\t\t\t\t\t\t<\/a><\/p>\n","protected":false},"excerpt":{"rendered":"<p>Shalom Festival Cet \u00e9v\u00e9nement color\u00e9 et multiculturel se passe chaque ann\u00e9e \u00e0 Bruxelles et \u00e0 Anvers. Il s&rsquo;agit d&rsquo;une collaboration entre les chr\u00e9tiens \u00e9vang\u00e9liques et la communaut\u00e9 juive de Bruxelles &#8230;<\/p>\n","protected":false},"author":4,"featured_media":0,"parent":0,"menu_order":0,"comment_status":"closed","ping_status":"closed","template":"","meta":{"_eb_attr":"","ngg_post_thumbnail":0,"footnotes":""},"class_list":["post-2","page","type-page","status-publish","hentry"],"translation":{"provider":"WPGlobus","version":"3.0.0","language":"fr","enabled_languages":["nl","en","fr"],"languages":{"nl":{"title":true,"content":true,"excerpt":false},"en":{"title":true,"content":true,"excerpt":false},"fr":{"title":true,"content":true,"excerpt":false}}},"_links":{"self":[{"href":"https:\/\/shalomfestival.be\/fr\/wp-json\/wp\/v2\/pages\/2","targetHints":{"allow":["GET"]}}],"collection":[{"href":"https:\/\/shalomfestival.be\/fr\/wp-json\/wp\/v2\/pages"}],"about":[{"href":"https:\/\/shalomfestival.be\/fr\/wp-json\/wp\/v2\/types\/page"}],"author":[{"embeddable":true,"href":"https:\/\/shalomfestival.be\/fr\/wp-json\/wp\/v2\/users\/4"}],"replies":[{"embeddable":true,"href":"https:\/\/shalomfestival.be\/fr\/wp-json\/wp\/v2\/comments?post=2"}],"version-history":[{"count":552,"href":"https:\/\/shalomfestival.be\/fr\/wp-json\/wp\/v2\/pages\/2\/revisions"}],"predecessor-version":[{"id":2822,"href":"https:\/\/shalomfestival.be\/fr\/wp-json\/wp\/v2\/pages\/2\/revisions\/2822"}],"wp:attachment":[{"href":"https:\/\/shalomfestival.be\/fr\/wp-json\/wp\/v2\/media?parent=2"}],"curies":[{"name":"wp","href":"https:\/\/api.w.org\/{rel}","templated":true}]}}