{"id":1992,"date":"2023-01-30T17:39:03","date_gmt":"2023-01-30T17:39:03","guid":{"rendered":"https:\/\/shalomfestival.be\/?page_id=1992"},"modified":"2023-01-30T23:02:13","modified_gmt":"2023-01-30T23:02:13","slug":"reservatie-voor-symposium-voor-israel","status":"publish","type":"page","link":"https:\/\/shalomfestival.be\/fr\/reservatie-voor-symposium-voor-israel\/","title":{"rendered":"Formulaire de r\u00e9servation pour le \u00ab Symposium pour Isra\u00ebl \u00bb"},"content":{"rendered":"\n<h3 class=\"wp-block-heading\">Formulaire de r\u00e9servation pour le \u00ab Symposium pour Isra\u00ebl \u00bb<\/h3>\n\n\n\n<p class=\"has-text-align-center has-white-color has-vivid-cyan-blue-background-color has-text-color has-background\">Remplissez le formulaire ci-dessous, s\u00e9lectionnez le nombre de si\u00e8ges et cliquez sur \u00ab Envoyer \u00bb pour r\u00e9server vos si\u00e8ges.<\/p>\n\n\n<div class=\"wpforms-container wpforms-container-full\" id=\"wpforms-2057\"><form id=\"wpforms-form-2057\" class=\"wpforms-validate wpforms-form\" data-formid=\"2057\" method=\"post\" enctype=\"multipart\/form-data\" action=\"\/fr\/wp-json\/wp\/v2\/pages\/1992\" data-token=\"61f75831239620ebd1ecf2caef8cc09d\" data-token-time=\"1776369599\"><noscript class=\"wpforms-error-noscript\">Veuillez activer JavaScript dans votre navigateur pour remplir ce formulaire.<\/noscript><div class=\"wpforms-field-container\"><div id=\"wpforms-2057-field_6-container\" class=\"wpforms-field wpforms-field-name\" data-field-id=\"6\"><label class=\"wpforms-field-label\" for=\"wpforms-2057-field_6\">Nom <span class=\"wpforms-required-label\">*<\/span><\/label><input type=\"text\" id=\"wpforms-2057-field_6\" class=\"wpforms-field-medium wpforms-field-required\" name=\"wpforms[fields][6]\" required><\/div><div id=\"wpforms-2057-field_2-container\" class=\"wpforms-field wpforms-field-text\" data-field-id=\"2\"><label class=\"wpforms-field-label\" for=\"wpforms-2057-field_2\">T\u00e9l\u00e9phone <span class=\"wpforms-required-label\">*<\/span><\/label><input type=\"text\" id=\"wpforms-2057-field_2\" class=\"wpforms-field-small wpforms-field-required wpforms-limit-characters-enabled\" data-form-id=\"2057\" data-field-id=\"2\" data-text-limit=\"15\" name=\"wpforms[fields][2]\" maxlength=\"15\" required><\/div><div id=\"wpforms-2057-field_3-container\" class=\"wpforms-field wpforms-field-email\" data-field-id=\"3\"><label class=\"wpforms-field-label\" for=\"wpforms-2057-field_3\">Email <span class=\"wpforms-required-label\">*<\/span><\/label><input type=\"email\" id=\"wpforms-2057-field_3\" class=\"wpforms-field-medium wpforms-field-required\" name=\"wpforms[fields][3]\" spellcheck=\"false\" required><\/div><div id=\"wpforms-2057-field_5-container\" class=\"wpforms-field wpforms-field-textarea\" data-field-id=\"5\"><label class=\"wpforms-field-label\" for=\"wpforms-2057-field_5\">Message <span class=\"wpforms-required-label\">*<\/span><\/label><textarea id=\"wpforms-2057-field_5\" class=\"wpforms-field-medium wpforms-field-required\" name=\"wpforms[fields][5]\" required><\/textarea><\/div><div id=\"wpforms-2057-field_7-container\" class=\"wpforms-field wpforms-field-number-slider\" data-field-id=\"7\"><label class=\"wpforms-field-label\" for=\"wpforms-2057-field_7\">Combien de places souhaitez-vous r\u00e9server?<\/label>\n<input\n\ttype=\"range\"\n\tid=\"wpforms-2057-field_7\" class=\"wpforms-field-medium\" name=\"wpforms[fields][7]\" value=\"1\"\t\tmin=\"0\"\n\tmax=\"10\"\n\tstep=\"1\">\n\n<div class=\"wpforms-field-number-slider-hint\"\n\tdata-hint=\"Nombre de si\u00e8ges s\u00e9lectionn\u00e9s: {value}\">\n\tNombre de si\u00e8ges s\u00e9lectionn\u00e9s: <b>1<\/b><\/div>\n<div class=\"wpforms-field-description\">D\u00e9placez le curseur jusqu'\u00e0 ce que vous ayez s\u00e9lectionn\u00e9 le nombre de si\u00e8ges que vous souhaitez r\u00e9server.<\/div><\/div><\/div><!-- .wpforms-field-container --><div class=\"wpforms-recaptcha-container wpforms-is-recaptcha wpforms-is-recaptcha-type-v2\" ><div class=\"g-recaptcha\" data-sitekey=\"6LdBPRccAAAAAFKVB9wJrNxEpMiXVU6I3J5OEnzJ\"><\/div><input type=\"text\" name=\"g-recaptcha-hidden\" class=\"wpforms-recaptcha-hidden\" style=\"position:absolute!important;clip:rect(0,0,0,0)!important;height:1px!important;width:1px!important;border:0!important;overflow:hidden!important;padding:0!important;margin:0!important;\" data-rule-recaptcha=\"1\"><\/div><div class=\"wpforms-submit-container\" ><input type=\"hidden\" name=\"wpforms[id]\" value=\"2057\"><input type=\"hidden\" name=\"page_title\" value=\"\"><input type=\"hidden\" name=\"page_url\" value=\"https:\/\/shalomfestival.be\/fr\/wp-json\/wp\/v2\/pages\/1992\"><input type=\"hidden\" name=\"url_referer\" value=\"\"><button type=\"submit\" name=\"wpforms[submit]\" id=\"wpforms-submit-2057\" class=\"wpforms-submit\" data-alt-text=\"Vos places seront r\u00e9serv\u00e9es.\" data-submit-text=\"Envoyer\" aria-live=\"assertive\" value=\"wpforms-submit\">Envoyer<\/button><\/div><\/form><\/div>  <!-- .wpforms-container -->\n","protected":false},"excerpt":{"rendered":"<p>Formulaire de r\u00e9servation pour le \u00ab Symposium pour Isra\u00ebl \u00bb Remplissez le formulaire ci-dessous, s\u00e9lectionnez le nombre de si\u00e8ges et cliquez sur \u00ab Envoyer \u00bb pour r\u00e9server vos si\u00e8ges.<\/p>\n","protected":false},"author":4,"featured_media":0,"parent":0,"menu_order":0,"comment_status":"closed","ping_status":"closed","template":"","meta":{"_eb_attr":"","ngg_post_thumbnail":0,"footnotes":""},"class_list":["post-1992","page","type-page","status-publish","hentry"],"translation":{"provider":"WPGlobus","version":"3.0.0","language":"fr","enabled_languages":["nl","en","fr"],"languages":{"nl":{"title":true,"content":true,"excerpt":false},"en":{"title":true,"content":true,"excerpt":false},"fr":{"title":true,"content":true,"excerpt":false}}},"_links":{"self":[{"href":"https:\/\/shalomfestival.be\/fr\/wp-json\/wp\/v2\/pages\/1992","targetHints":{"allow":["GET"]}}],"collection":[{"href":"https:\/\/shalomfestival.be\/fr\/wp-json\/wp\/v2\/pages"}],"about":[{"href":"https:\/\/shalomfestival.be\/fr\/wp-json\/wp\/v2\/types\/page"}],"author":[{"embeddable":true,"href":"https:\/\/shalomfestival.be\/fr\/wp-json\/wp\/v2\/users\/4"}],"replies":[{"embeddable":true,"href":"https:\/\/shalomfestival.be\/fr\/wp-json\/wp\/v2\/comments?post=1992"}],"version-history":[{"count":13,"href":"https:\/\/shalomfestival.be\/fr\/wp-json\/wp\/v2\/pages\/1992\/revisions"}],"predecessor-version":[{"id":2406,"href":"https:\/\/shalomfestival.be\/fr\/wp-json\/wp\/v2\/pages\/1992\/revisions\/2406"}],"wp:attachment":[{"href":"https:\/\/shalomfestival.be\/fr\/wp-json\/wp\/v2\/media?parent=1992"}],"curies":[{"name":"wp","href":"https:\/\/api.w.org\/{rel}","templated":true}]}}