{"id":1977,"date":"2023-01-30T14:46:21","date_gmt":"2023-01-30T14:46:21","guid":{"rendered":"https:\/\/shalomfestival.be\/?page_id=1977"},"modified":"2023-01-31T12:05:28","modified_gmt":"2023-01-31T12:05:28","slug":"symposium","status":"publish","type":"page","link":"https:\/\/shalomfestival.be\/fr\/symposium\/","title":{"rendered":"<strong>Conf\u00e9rences sur Isra\u00ebl<\/strong>"},"content":{"rendered":"<h3 style=\"text-align: center;\"><strong>\u00ab\u00a0Conf\u00e9rences sur Isra\u00ebl\u00a0\u00bb<br \/>Samedi 18 Mars 2023 de 10h00 \u00e0 15h30 <\/strong><\/h3>\n<h3 style=\"text-align: center;\"><strong>avec Rev. W. Glashouwer.<br \/><\/strong><\/h3>\n<p style=\"text-align: center;\">Lieu: Philadelphia, Sint-Bernardsesteenweg 505,<br \/>2660 Hoboken-Anvers.<\/p>\n<p>Une journ\u00e9e d\u2019\u00e9tude. Th\u00e8me\u00a0: Isra\u00ebl, b\u00e9n\u00e9diction de Dieu pour les nations<\/p>\n<p style=\"text-align: center;\"><em>\u00ab\u00a0\u2026et toutes les familles de la terre seront b\u00e9nies en toi.\u00a0\u00bb Gen\u00e8se 12\u00a0: 3b<\/em><\/p>\n<style>\/*! elementor - v3.10.2 - 29-01-2023 *\/\n.elementor-widget-image{text-align:center}.elementor-widget-image a{display:inline-block}.elementor-widget-image a img[src$=\".svg\"]{width:48px}.elementor-widget-image img{vertical-align:middle;display:inline-block}<\/style>\n<p>\t\t\t\t\t\t\t\t\t\t\t\t<img loading=\"lazy\" decoding=\"async\" width=\"800\" height=\"800\" src=\"https:\/\/shalomfestival.be\/wp-content\/uploads\/2023\/01\/20230127_124904-1-1024x1024.jpg\" alt=\"\" loading=\"lazy\" srcset=\"https:\/\/shalomfestival.be\/wp-content\/uploads\/2023\/01\/20230127_124904-1-1024x1024.jpg 1024w, https:\/\/shalomfestival.be\/wp-content\/uploads\/2023\/01\/20230127_124904-1-300x300.jpg 300w, https:\/\/shalomfestival.be\/wp-content\/uploads\/2023\/01\/20230127_124904-1-150x150.jpg 150w, https:\/\/shalomfestival.be\/wp-content\/uploads\/2023\/01\/20230127_124904-1-768x768.jpg 768w, https:\/\/shalomfestival.be\/wp-content\/uploads\/2023\/01\/20230127_124904-1-1536x1536.jpg 1536w, https:\/\/shalomfestival.be\/wp-content\/uploads\/2023\/01\/20230127_124904-1-2048x2048.jpg 2048w\" sizes=\"auto, (max-width: 800px) 100vw, 800px\" \/>\t\t\t\t\t\t\t\t\t\t\t\t\t\t\t<\/p>\n<p><strong>\u00ab\u00a0Pourquoi les Juifs sont-ils un peuple si sp\u00e9cial ? Pourquoi Isra\u00ebl est &#8211; il un pays si sp\u00e9cial et pourquoi la ville de J\u00e9rusalem est-elle si particuli\u00e8re\u00a0?<\/strong> Pourquoi le peuple juif retourne-t-il dans ce pays et dans cette ville depuis plus de 100 ans maintenant ? La Bible a-t-elle quelque chose \u00e0 nous apprendre \u00e0 ce sujet ? Dieu a-t-il quelque chose \u00e0 voir avec cela ? Est-ce que ce peuple, ce pays et cette ville continueront de jouer un r\u00f4le \u00e0 l&rsquo;avenir ? Que veut dire J\u00e9sus par sa d\u00e9claration, \u00ab\u00a0le salut vient des Juifs &#8230;\u201d ? \u00a0\u00bb \u00ab\u00a0Que signifie cette d\u00e9claration pour l&rsquo;avenir ? Isra\u00ebl est-il le plus grand signe d&rsquo;espoir que le monde n\u2019ait jamais vu ? Et le christianisme le voit-il ? Y aura-t-il jamais la paix sur terre et qu&rsquo;est-ce que les Juifs, la terre d&rsquo;Isra\u00ebl et la ville de J\u00e9rusalem ont \u00e0 voir avec cela ? \u00bb<\/p>\n<p><strong>Lors du Symposium, nous esp\u00e9rons, \u00e0 partir de la Bible, trouver des r\u00e9ponses \u00e0 toutes ces questions et \u00e0 d\u2019autres que vous pourrez poser.<\/strong><\/p>\n<p>Le r\u00e9v\u00e9rend\u00a0<strong>Willem Glashouwer<\/strong><strong>, <\/strong>sera notre conf\u00e9rencier, un des plus grand renomm\u00e9s sur Isra\u00ebl, l\u2019Eglise et la Fin des Temps. Il nous enseignera premi\u00e8rement sur<strong> \u201cLe Salut vient des Juifs\u201d <\/strong>et deuxi\u00e8mement sur<strong> \u00ab\u00a0Isra\u00ebl et Le Royaume de Dieu\u00a0\u00bb.<\/strong><\/p>\n<p>\u00a0<br \/>\n\t\t\t\t\t\t\t\t\t\t\t\t\t\t\t<img loading=\"lazy\" decoding=\"async\" width=\"800\" height=\"800\" src=\"https:\/\/shalomfestival.be\/wp-content\/uploads\/2023\/01\/20230127_131148-1-1024x1024.jpg\" alt=\"\" loading=\"lazy\" srcset=\"https:\/\/shalomfestival.be\/wp-content\/uploads\/2023\/01\/20230127_131148-1-1024x1024.jpg 1024w, https:\/\/shalomfestival.be\/wp-content\/uploads\/2023\/01\/20230127_131148-1-300x300.jpg 300w, https:\/\/shalomfestival.be\/wp-content\/uploads\/2023\/01\/20230127_131148-1-150x150.jpg 150w, https:\/\/shalomfestival.be\/wp-content\/uploads\/2023\/01\/20230127_131148-1-768x768.jpg 768w, https:\/\/shalomfestival.be\/wp-content\/uploads\/2023\/01\/20230127_131148-1-1536x1536.jpg 1536w, https:\/\/shalomfestival.be\/wp-content\/uploads\/2023\/01\/20230127_131148-1-2048x2048.jpg 2048w\" sizes=\"auto, (max-width: 800px) 100vw, 800px\" \/>\t\t\t\t\t\t\t\t\t\t\t\t\t\t\t<\/p>\n<p>Pr\u00e9parons-nous pour la saison qui poussera notre g\u00e9n\u00e9ration vers l\u2019avant. Nous vous prions de vouloir transmettre l&rsquo;information aux autres membres de votre \u00e9glise. Les posters et les flyers imprim\u00e9s seront \u00e9galement disponible en version papier sur demande.<br \/>\u00a0<br \/>Pour des raisons pratiques, une confirmation de votre participation serait appr\u00e9ci\u00e9e, pour l\u2019organisation. Entr\u00e9e gratuite, une collecte sera effectu\u00e9 pour couvrir les frais. Pour plus d&rsquo;informations n\u2019h\u00e9sitez pas \u00e0 nous contacter. R\u00e9servez vos places via <a style=\"color: #000000;\" href=\"mailto:info@shalomfestival.be\">info@shalomfestival.be<\/a> ou\u00a0en t\u00e9l\u00e9phonant au N\u00b0\u00a0\u00a00477 43 93 13.<br \/>\u00a0<br \/>Soyez b\u00e9nis,<br \/>Eugenia Daskalopoulou-Tarlizou <strong>\u00a0\u00a0\u00a0\u00a0\u00a0\u00a0\u00a0\u00a0\u00a0\u00a0\u00a0\u00a0\u00a0\u00a0\u00a0\u00a0\u00a0\u00a0\u00a0\u00a0\u00a0\u00a0\u00a0\u00a0\u00a0 <\/strong><br \/>\u00a0<br \/><em>PS: Toute contribution financi\u00e8re sera la bienvenue pour cet \u00e9v\u00e9nement. Le compte bancaire de la Coalition belge pour Isra\u00ebl est (IBAN) BE87 6511 4957 3194.<\/em> <\/p>\n<p>\t\t\t<a href=\"https:\/\/shalomfestival.be\/fr\/reservatie-voor-symposium-voor-israel\/\" target=\"_blank\" role=\"button\" rel=\"noopener\"><br \/>\n\t\t\t\t\t\tCliquez ici pour enregistrer vos place(s) pour les conf\u00e9rences!<br \/>\n\t\t\t\t\t<\/a><br \/>\n\t\t\t\t\t\t\t\t\t\t\t\t\t\t\t<img loading=\"lazy\" decoding=\"async\" width=\"724\" height=\"1024\" src=\"https:\/\/shalomfestival.be\/wp-content\/uploads\/2023\/01\/symposium-2023-flyer-front-5-1-724x1024.jpg\" alt=\"\" loading=\"lazy\" srcset=\"https:\/\/shalomfestival.be\/wp-content\/uploads\/2023\/01\/symposium-2023-flyer-front-5-1-724x1024.jpg 724w, https:\/\/shalomfestival.be\/wp-content\/uploads\/2023\/01\/symposium-2023-flyer-front-5-1-212x300.jpg 212w, https:\/\/shalomfestival.be\/wp-content\/uploads\/2023\/01\/symposium-2023-flyer-front-5-1-768x1086.jpg 768w, https:\/\/shalomfestival.be\/wp-content\/uploads\/2023\/01\/symposium-2023-flyer-front-5-1-1087x1536.jpg 1087w, https:\/\/shalomfestival.be\/wp-content\/uploads\/2023\/01\/symposium-2023-flyer-front-5-1.jpg 1311w\" sizes=\"auto, (max-width: 724px) 100vw, 724px\" \/><br \/>\n\t\t\t\t\t\t\t\t\t\t\t\t\t\t\t<img loading=\"lazy\" decoding=\"async\" width=\"724\" height=\"1024\" src=\"https:\/\/shalomfestival.be\/wp-content\/uploads\/2023\/01\/symposium-2023-flyer-back-3-3-724x1024.jpg\" alt=\"\" loading=\"lazy\" srcset=\"https:\/\/shalomfestival.be\/wp-content\/uploads\/2023\/01\/symposium-2023-flyer-back-3-3-724x1024.jpg 724w, https:\/\/shalomfestival.be\/wp-content\/uploads\/2023\/01\/symposium-2023-flyer-back-3-3-212x300.jpg 212w, https:\/\/shalomfestival.be\/wp-content\/uploads\/2023\/01\/symposium-2023-flyer-back-3-3-768x1086.jpg 768w, https:\/\/shalomfestival.be\/wp-content\/uploads\/2023\/01\/symposium-2023-flyer-back-3-3-1087x1536.jpg 1087w, https:\/\/shalomfestival.be\/wp-content\/uploads\/2023\/01\/symposium-2023-flyer-back-3-3.jpg 1311w\" sizes=\"auto, (max-width: 724px) 100vw, 724px\" \/><br \/>\n\t\t\t\t\t\t\t\t\t\t\t\t\t\t\t<img loading=\"lazy\" decoding=\"async\" width=\"800\" height=\"800\" src=\"https:\/\/shalomfestival.be\/wp-content\/uploads\/2023\/01\/20230127_132418-1-1024x1024.jpg\" alt=\"\" loading=\"lazy\" srcset=\"https:\/\/shalomfestival.be\/wp-content\/uploads\/2023\/01\/20230127_132418-1-1024x1024.jpg 1024w, https:\/\/shalomfestival.be\/wp-content\/uploads\/2023\/01\/20230127_132418-1-300x300.jpg 300w, https:\/\/shalomfestival.be\/wp-content\/uploads\/2023\/01\/20230127_132418-1-150x150.jpg 150w, https:\/\/shalomfestival.be\/wp-content\/uploads\/2023\/01\/20230127_132418-1-768x768.jpg 768w, https:\/\/shalomfestival.be\/wp-content\/uploads\/2023\/01\/20230127_132418-1-1536x1536.jpg 1536w, https:\/\/shalomfestival.be\/wp-content\/uploads\/2023\/01\/20230127_132418-1-2048x2048.jpg 2048w\" sizes=\"auto, (max-width: 800px) 100vw, 800px\" \/><\/p>\n","protected":false},"excerpt":{"rendered":"<p>\u00ab\u00a0Conf\u00e9rences sur Isra\u00ebl\u00a0\u00bbSamedi 18 Mars 2023 de 10h00 \u00e0 15h30 avec Rev. W. Glashouwer. Lieu: Philadelphia, Sint-Bernardsesteenweg 505,2660 Hoboken-Anvers. Une journ\u00e9e d\u2019\u00e9tude. Th\u00e8me\u00a0: Isra\u00ebl, b\u00e9n\u00e9diction de Dieu pour les nations &#8230;<\/p>\n","protected":false},"author":4,"featured_media":0,"parent":0,"menu_order":0,"comment_status":"closed","ping_status":"closed","template":"","meta":{"_eb_attr":"","ngg_post_thumbnail":0,"footnotes":""},"class_list":["post-1977","page","type-page","status-publish","hentry"],"translation":{"provider":"WPGlobus","version":"3.0.0","language":"fr","enabled_languages":["nl","en","fr"],"languages":{"nl":{"title":true,"content":true,"excerpt":false},"en":{"title":true,"content":true,"excerpt":false},"fr":{"title":true,"content":true,"excerpt":false}}},"_links":{"self":[{"href":"https:\/\/shalomfestival.be\/fr\/wp-json\/wp\/v2\/pages\/1977","targetHints":{"allow":["GET"]}}],"collection":[{"href":"https:\/\/shalomfestival.be\/fr\/wp-json\/wp\/v2\/pages"}],"about":[{"href":"https:\/\/shalomfestival.be\/fr\/wp-json\/wp\/v2\/types\/page"}],"author":[{"embeddable":true,"href":"https:\/\/shalomfestival.be\/fr\/wp-json\/wp\/v2\/users\/4"}],"replies":[{"embeddable":true,"href":"https:\/\/shalomfestival.be\/fr\/wp-json\/wp\/v2\/comments?post=1977"}],"version-history":[{"count":75,"href":"https:\/\/shalomfestival.be\/fr\/wp-json\/wp\/v2\/pages\/1977\/revisions"}],"predecessor-version":[{"id":2102,"href":"https:\/\/shalomfestival.be\/fr\/wp-json\/wp\/v2\/pages\/1977\/revisions\/2102"}],"wp:attachment":[{"href":"https:\/\/shalomfestival.be\/fr\/wp-json\/wp\/v2\/media?parent=1977"}],"curies":[{"name":"wp","href":"https:\/\/api.w.org\/{rel}","templated":true}]}}