{"id":1574,"date":"2022-09-26T21:09:39","date_gmt":"2022-09-26T21:09:39","guid":{"rendered":"https:\/\/shalomfestival.be\/?page_id=1574"},"modified":"2022-09-26T21:33:47","modified_gmt":"2022-09-26T21:33:47","slug":"persbericht-brussel-2015","status":"publish","type":"page","link":"https:\/\/shalomfestival.be\/fr\/persbericht-brussel-2015\/","title":{"rendered":"Bruxelles 2015"},"content":{"rendered":"<h4 style=\"text-align: center;\">Belgische Alliantie voor Vrede in het Midden-Oosten<br \/>\nAlliance Belge pour la Paix au Moyen-Orient<\/h4>\n<h4>Communiqu\u00e9<\/h4>\n<h3 style=\"text-align: center;\">\u00ab Festival Pour la Paix \u00bb<br \/>\n\u00ab Shalom \u2013 Vrede \u2013 Paix \u2013 Peace \u2013 Salaam Festival \u00bb<\/h3>\n<h3 style=\"text-align: center;\">Pour une multiculturalit\u00e9 vivante<\/h3>\n<p><strong>Bruxelles, le 30 juin 2015<\/strong> \u2013 \u00ab L\u2019Alliance pour la Paix au Moyen-Orient \u00bb a le plaisir de vous annoncer la septi\u00e8me \u00e9dition du \u00ab Festival pour la Paix \u00bb ou \u00ab Shalom \u2013 Vrede \u2013 Paix \u2013 Peace \u2013 Salaam Festival \u00bb le dimanche 30 ao\u00fbt 2015.<\/p>\n<p><strong>Cet \u00e9v\u00e9nement culturel pour Isra\u00ebl rend aussi hommage aux Chr\u00e9tiens pers\u00e9cut\u00e9s dans le monde.<\/strong><br \/>\nL\u2019\u00e9dition bruxelloise aura lieu de 14h \u00e0 18h \u00e0 la Place d&rsquo;Espagne, situ\u00e9e entre la Grand Place et la Gare Centrale.<\/p>\n<h4>Objectifs<\/h4>\n<p><strong>Le but de ce festival culturel est de promouvoir le dialogue, l&rsquo;entente et la paix entre les peuples.<\/strong> Comme en t\u00e9moignent les r\u00e9cents \u00e9v\u00e9nements en Europe, au Moyen-Orient et en Afrique du Nord, l\u2019intol\u00e9rance religieuse se manifeste de plus en plus fr\u00e9quemment, et avec toute l\u2019horreur que nous constatons avec effroi. Le message \u00ab shalom-peace-paix-vrede-salaam \u00bb exprime l\u2019espoir que la paix r\u00e8gne un jour sur l\u2019ensemble du monde, malgr\u00e9 les exp\u00e9riences douloureuses que rec\u00e8le l\u2019histoire des nations. Ce festival se voit comme une preuve que la paix peut triompher de tous les obstacles et difficult\u00e9s.<br \/>\n\u00ab L\u2019Alliance Pour La Paix Au Moyen-Orient \u00bb pr\u00eache pour l\u2019\u00e9galit\u00e9 entre les \u00eatres humains afin de leur permettre de vivre en paix et en s\u00e9curit\u00e9. Dans le cadre d\u2019une multiculturalit\u00e9 vivante, les valeurs d\u00e9mocratiques et humanistes telles que la tol\u00e9rance, le respect des autres et l\u2019ouverture d\u2019esprit prennent tout leur sens. C\u2019est pourquoi l\u2019Alliance se donne comme objectif de les favoriser au sein de notre soci\u00e9t\u00e9.<\/p>\n<h4>Organisateurs<\/h4>\n<p><strong>A l&rsquo;initiative de ce festival figurent des organisations de la soci\u00e9t\u00e9 civile belge,<\/strong> telles la Coalition Belge pour Isra\u00ebl, Koinonia Ministeries, ORT Belgium, A-net, Chr\u00e9tiens Amis d\u2019Isra\u00ebl et Beautiful Israel. Le partenariat entre les communaut\u00e9s juives et chr\u00e9tiennes \u00e9vang\u00e9liques est bas\u00e9 sur les origines communes de leur foi ainsi que sur le respect mutuel de leurs valeurs et de leurs contributions \u00e0 la soci\u00e9t\u00e9.<\/p>\n<h4>Programme<\/h4>\n<p><strong>Des concerts de gospel, des danses, des prestations musicales,<\/strong> de nombreux stands avec expositions de photos, peintures, animations pour enfants, litt\u00e9rature et restauration.<br \/>\nDivers discours et t\u00e9moignages contribueront \u00e0 la qualit\u00e9 de l\u2019\u00e9v\u00e9nement : www.shalomfestival.be<\/p>\n<h4>Contacts :<\/h4>\n<p><strong> Pasteur Raymond Vandeput<\/strong> &#8211; GSM: 0495\/53.79.43 &#8211; L\u2019Alliance pour la Paix au Moyen-Orient<br \/>\n<strong>Patricia Teitelbaum<\/strong> &#8211; GSM : 0471\/64.90.20 &#8211; Beautiful Israel<\/p>\n<style>\/*! elementor - v3.7.7 - 20-09-2022 *\/<br \/>\n.elementor-widget-image{text-align:center}.elementor-widget-image a{display:inline-block}.elementor-widget-image a img[src$=\".svg\"]{width:48px}.elementor-widget-image img{vertical-align:middle;display:inline-block}<\/style>\n<p>\t\t\t\t\t\t\t\t\t\t\t\t<img loading=\"lazy\" decoding=\"async\" src=\"https:\/\/shalomfestival.be\/wp-content\/uploads\/2022\/09\/shalom-flyer-frans-dance-2015-front-732x1024.jpg\" alt=\"\" loading=\"lazy\" srcset=\"https:\/\/shalomfestival.be\/wp-content\/uploads\/2022\/09\/shalom-flyer-frans-dance-2015-front-732x1024.jpg 732w, https:\/\/shalomfestival.be\/wp-content\/uploads\/2022\/09\/shalom-flyer-frans-dance-2015-front-214x300.jpg 214w, https:\/\/shalomfestival.be\/wp-content\/uploads\/2022\/09\/shalom-flyer-frans-dance-2015-front-768x1074.jpg 768w, https:\/\/shalomfestival.be\/wp-content\/uploads\/2022\/09\/shalom-flyer-frans-dance-2015-front-1098x1536.jpg 1098w, https:\/\/shalomfestival.be\/wp-content\/uploads\/2022\/09\/shalom-flyer-frans-dance-2015-front.jpg 1288w\" sizes=\"auto, (max-width: 732px) 100vw, 732px\" width=\"732\" height=\"1024\"><br \/>\n<img loading=\"lazy\" decoding=\"async\" src=\"https:\/\/shalomfestival.be\/wp-content\/uploads\/2022\/09\/shalom-flyer-back-fr-724x1024.jpg\" alt=\"\" loading=\"lazy\" srcset=\"https:\/\/shalomfestival.be\/wp-content\/uploads\/2022\/09\/shalom-flyer-back-fr-724x1024.jpg 724w, https:\/\/shalomfestival.be\/wp-content\/uploads\/2022\/09\/shalom-flyer-back-fr-212x300.jpg 212w, https:\/\/shalomfestival.be\/wp-content\/uploads\/2022\/09\/shalom-flyer-back-fr-768x1086.jpg 768w, https:\/\/shalomfestival.be\/wp-content\/uploads\/2022\/09\/shalom-flyer-back-fr-1086x1536.jpg 1086w, https:\/\/shalomfestival.be\/wp-content\/uploads\/2022\/09\/shalom-flyer-back-fr.jpg 1240w\" sizes=\"auto, (max-width: 724px) 100vw, 724px\" width=\"724\" height=\"1024\"><\/p>\n","protected":false},"excerpt":{"rendered":"<p>Belgische Alliantie voor Vrede in het Midden-Oosten Alliance Belge pour la Paix au Moyen-Orient Communiqu\u00e9 \u00ab Festival Pour la Paix \u00bb \u00ab Shalom \u2013 Vrede \u2013 Paix \u2013 Peace \u2013 &#8230;<\/p>\n","protected":false},"author":4,"featured_media":0,"parent":0,"menu_order":0,"comment_status":"closed","ping_status":"closed","template":"","meta":{"_eb_attr":"","ngg_post_thumbnail":0,"footnotes":""},"class_list":["post-1574","page","type-page","status-publish","hentry"],"translation":{"provider":"WPGlobus","version":"3.0.0","language":"fr","enabled_languages":["nl","en","fr"],"languages":{"nl":{"title":true,"content":true,"excerpt":false},"en":{"title":true,"content":true,"excerpt":false},"fr":{"title":true,"content":true,"excerpt":false}}},"_links":{"self":[{"href":"https:\/\/shalomfestival.be\/fr\/wp-json\/wp\/v2\/pages\/1574","targetHints":{"allow":["GET"]}}],"collection":[{"href":"https:\/\/shalomfestival.be\/fr\/wp-json\/wp\/v2\/pages"}],"about":[{"href":"https:\/\/shalomfestival.be\/fr\/wp-json\/wp\/v2\/types\/page"}],"author":[{"embeddable":true,"href":"https:\/\/shalomfestival.be\/fr\/wp-json\/wp\/v2\/users\/4"}],"replies":[{"embeddable":true,"href":"https:\/\/shalomfestival.be\/fr\/wp-json\/wp\/v2\/comments?post=1574"}],"version-history":[{"count":29,"href":"https:\/\/shalomfestival.be\/fr\/wp-json\/wp\/v2\/pages\/1574\/revisions"}],"predecessor-version":[{"id":1615,"href":"https:\/\/shalomfestival.be\/fr\/wp-json\/wp\/v2\/pages\/1574\/revisions\/1615"}],"wp:attachment":[{"href":"https:\/\/shalomfestival.be\/fr\/wp-json\/wp\/v2\/media?parent=1574"}],"curies":[{"name":"wp","href":"https:\/\/api.w.org\/{rel}","templated":true}]}}