{"id":1441,"date":"2022-09-26T20:10:08","date_gmt":"2022-09-26T20:10:08","guid":{"rendered":"https:\/\/shalomfestival.be\/?page_id=1441"},"modified":"2022-10-29T14:42:37","modified_gmt":"2022-10-29T14:42:37","slug":"persbericht-antwerpen-2022","status":"publish","type":"page","link":"https:\/\/shalomfestival.be\/fr\/persbericht-antwerpen-2022\/","title":{"rendered":"Persbericht Antwerpen 2022"},"content":{"rendered":"<style>\/*! elementor - v3.7.8 - 02-10-2022 *\/\n.elementor-heading-title{padding:0;margin:0;line-height:1}.elementor-widget-heading .elementor-heading-title[class*=elementor-size-]>a{color:inherit;font-size:inherit;line-height:inherit}.elementor-widget-heading .elementor-heading-title.elementor-size-small{font-size:15px}.elementor-widget-heading .elementor-heading-title.elementor-size-medium{font-size:19px}.elementor-widget-heading .elementor-heading-title.elementor-size-large{font-size:29px}.elementor-widget-heading .elementor-heading-title.elementor-size-xl{font-size:39px}.elementor-widget-heading .elementor-heading-title.elementor-size-xxl{font-size:59px}<\/style>\n<h2>Vive la Paix, Shalom.<\/h2>\n<p><strong>Le festival Shalom a c\u00e9l\u00e9br\u00e9 sa 18e \u00e9dition dimanche dernier \u00e0 la Groenplaats, offrant \u00e0 Anvers une f\u00eate exub\u00e9rante.<\/strong> La cerise sur le g\u00e2teau \u00e9tait la c\u00e9l\u00e9bration des trait\u00e9s de paix r\u00e9volutionnaires des Accords d&rsquo;Abraham.<\/p>\n<p>Les communaut\u00e9s juive et chr\u00e9tienne ont adress\u00e9 une invitation chaleureuse \u00e0 tous, y compris <strong>en tendant la main \u00e0 la communaut\u00e9 arabe<\/strong>, dont certains membres (originaires de Syrie) ont entonn\u00e9 un chant de paix depuis la grande sc\u00e8ne. <strong>L&rsquo;ambassadeur du Maroc accompagn\u00e9 du consul d&rsquo;Anvers a ensuite prononc\u00e9 un discours courageux.<\/strong><\/p>\n<p>La Groenplaats, dans le centre anim\u00e9 de la ville, est le lieu annuel du festival depuis sa cr\u00e9ation. Les conditions m\u00e9t\u00e9orologiques particuli\u00e8rement favorables ont \u00e9t\u00e9 une b\u00e9n\u00e9diction malgr\u00e9 les pr\u00e9visions changeantes.<\/p>\n<p>\u00a0\t\t<\/p>\n<style>\/*! elementor - v3.7.8 - 02-10-2022 *\/\n.elementor-widget-image{text-align:center}.elementor-widget-image a{display:inline-block}.elementor-widget-image a img[src$=\".svg\"]{width:48px}.elementor-widget-image img{vertical-align:middle;display:inline-block}<\/style>\n<p>\t\t\t\t\t\t\t\t\t\t\t\t<img loading=\"lazy\" decoding=\"async\" width=\"326\" height=\"314\" src=\"https:\/\/shalomfestival.be\/wp-content\/uploads\/2022\/10\/1-2.png\" alt=\"\" loading=\"lazy\" srcset=\"https:\/\/shalomfestival.be\/wp-content\/uploads\/2022\/10\/1-2.png 326w, https:\/\/shalomfestival.be\/wp-content\/uploads\/2022\/10\/1-2-300x289.png 300w\" sizes=\"auto, (max-width: 326px) 100vw, 326px\" \/><br \/>\n\t\t\t\t\t\t\t\t\t\t\t\t\t\t\t<img loading=\"lazy\" decoding=\"async\" width=\"362\" height=\"312\" src=\"https:\/\/shalomfestival.be\/wp-content\/uploads\/2022\/10\/2-3.png\" alt=\"\" loading=\"lazy\" srcset=\"https:\/\/shalomfestival.be\/wp-content\/uploads\/2022\/10\/2-3.png 362w, https:\/\/shalomfestival.be\/wp-content\/uploads\/2022\/10\/2-3-300x259.png 300w\" sizes=\"auto, (max-width: 362px) 100vw, 362px\" \/>\t\t\t\t\t\t\t\t\t\t\t\t\t\t\t<\/p>\n<p><strong>\u00ab\u00a0La paix entre tous les peuples. Tout le monde est \u00e9gal, quelle que soit sa foi\u00a0\u00bb<\/strong>, a d\u00e9clar\u00e9 Regina Sluszny, pr\u00e9sidente du Forum flamand des organisations juives, qui a officiellement ouvert le festival. <\/p>\n<p>\u00ab\u00a0Abraham signifie &lsquo;p\u00e8re de nombreux peuples'\u00a0\u00bb, a d\u00e9clar\u00e9 Evgenia Daskalopulu, pr\u00e9sidente de la Coalition belge pour Isra\u00ebl, citant la Bible dans le livre de la Gen\u00e8se. \u00ab\u00a0Et donc, la place aujourd&rsquo;hui est pleine de gens d\u2019horizons diff\u00e9rents qui sont en harmonie les uns avec les autres. <strong>Ce n&rsquo;est pas l&rsquo;un au lieu de l&rsquo;autre, mais l&rsquo;inclusion de l&rsquo;autre tant que nous respectons qui est l&rsquo;autre\u00a0\u00bb<\/strong>, a-t-elle ajout\u00e9.<\/p>\n<p>\u00ab\u00a0Cet apr\u00e8s-midi, tout sera mis en \u0153uvre pour donner forme \u00e0 la PAIX et il est tr\u00e8s important que <strong>lorsque vous rentrerez chez vous, vous continuiez \u00e0 t\u00e9moigner de cette paix afin de garantir l&rsquo;avenir pour vous, vos enfants et vos petits-enfants!\u00a0\u00bb<\/strong> a d\u00e9clar\u00e9 le conseiller municipal Andr\u00e9 Gantman, avec passion.<\/p>\n<p>\u00a0<\/p>\n<p>\u00a0<\/p>\n<p><strong>\u00ab\u00a0Seules les personnes courageuses signent des accords de paix. Et ce faisant, ils brisent le cercle vicieux de la haine et de la violence,<\/strong> ce dont nous leur sommes immens\u00e9ment reconnaissants\u00a0\u00bb a ajout\u00e9 Patricia Teitelbaum, membre du comit\u00e9 organisateur. Une colombe de la paix, r\u00e9alis\u00e9e par l&rsquo;artiste isra\u00e9lien Yaron Bob <strong>www.rocketsintoroses.com<\/strong> \u00e0 partir de roquettes &amp; Kassam tir\u00e9es &amp; motiv\u00e9es par la haine, a \u00e9t\u00e9 remise \u00e0 l&rsquo;ambassadeur du Maroc en reconnaissance des efforts d\u00e9ploy\u00e9s pour promouvoir la paix entre les nations.<\/p>\n<p>Un d\u00e9licieux g\u00e2teau d&rsquo;anniversaire, glac\u00e9 des mots \u00ab\u00a0Shalom Festival\u00a0\u00bb, a \u00e9t\u00e9 offert \u00e0 l&rsquo;ambassadrice d&rsquo;Isra\u00ebl. Elle a r\u00e9sum\u00e9 l&rsquo;\u00e9v\u00e9nement comme suit : <strong>\u00ab\u00a0Le Festival Shalom est une formidable manifestation de soutien \u00e0 Isra\u00ebl. Dans une mer de d\u00e9fis,<\/strong> il est si exaltant et encourageant d&rsquo;\u00eatre re\u00e7u avec autant d&rsquo;amour, la t\u00eate haute, sur l&rsquo;une des principales places d&rsquo;Anvers.\u00a0\u00bb<\/p>\n<p>\u00a0<br \/>\n\t\t\t\t\t\t\t\t\t\t\t\t\t\t\t<img loading=\"lazy\" decoding=\"async\" width=\"349\" height=\"232\" src=\"https:\/\/shalomfestival.be\/wp-content\/uploads\/2022\/10\/3.png\" alt=\"\" loading=\"lazy\" srcset=\"https:\/\/shalomfestival.be\/wp-content\/uploads\/2022\/10\/3.png 349w, https:\/\/shalomfestival.be\/wp-content\/uploads\/2022\/10\/3-300x199.png 300w\" sizes=\"auto, (max-width: 349px) 100vw, 349px\" \/><br \/>\n\t\t\t\t\t\t\t\t\t\t\t\t\t\t\t<img loading=\"lazy\" decoding=\"async\" width=\"354\" height=\"232\" src=\"https:\/\/shalomfestival.be\/wp-content\/uploads\/2022\/10\/4.png\" alt=\"\" loading=\"lazy\" srcset=\"https:\/\/shalomfestival.be\/wp-content\/uploads\/2022\/10\/4.png 354w, https:\/\/shalomfestival.be\/wp-content\/uploads\/2022\/10\/4-300x197.png 300w\" sizes=\"auto, (max-width: 354px) 100vw, 354px\" \/>\t\t\t\t\t\t\t\t\t\t\t\t\t\t\t<\/p>\n<p>En termes de divertissement, Boogie Boy et Karista ont \u00e9t\u00e9 les stars du spectacle, avec leurs merveilleuses performances de musique isra\u00e9lienne et de gospel. L&rsquo;ambiance \u00e9tait irr\u00e9sistible, attirant les gens de toute la place pour danser. \u00ab\u00a0On pouvait voir une connexion profonde lorsque des hommes et des femmes de tous \u00e2ges et de toutes tendances se donnaient la main pour les danses folkloriques. <strong>Tout comme cette file de danseurs s&rsquo;allongeait de plus en plus, le festival Shalom promet d&rsquo;aller toujours plus loin\u00a0\u00bb,<\/strong> a d\u00e9clar\u00e9 Katia Van de Broeck de Koinonia Ministries.<\/p>\n<p>Il y avait toute une s\u00e9rie de stands \u00e0 d\u00e9couvrir, avec de la nourriture, de la litt\u00e9rature, des divertissements pour enfants, des informations, des produits isra\u00e9liens, et des organisations caritatives qui ont tous suscit\u00e9 l&rsquo;int\u00e9r\u00eat des passants. <strong>Le fait de parler ensemble a permis aux gens de s&rsquo;appr\u00e9cier et d&rsquo;apprendre \u00e0 se conna\u00eetre.<\/strong><\/p>\n<p>Michael Freilich, d\u00e9put\u00e9 f\u00e9d\u00e9ral et membre du comit\u00e9 d&rsquo;organisation, a conclu le festival par ces mots :<strong> \u00ab\u00a0C&rsquo;est ainsi que nous avons donn\u00e9 un message de paix depuis la Groenplaats pour le monde entier, sur la coop\u00e9ration entre les cultures et les communaut\u00e9s\u00a0\u00bb<\/strong>. Enfin, il a appel\u00e9 le public \u00e0 soutenir le peuple ukrainien en ces temps difficiles. \u00ab\u00a0Slava Ukraini, vive Isra\u00ebl, vive la Belgique et Anvers !\u00a0\u00bb ont r\u00e9sonn\u00e9 sur la Groenplaats, suivis de cris d&rsquo;approbation et d&rsquo;applaudissements prolong\u00e9s.<\/p>\n<p>Le Festival Shalom est une initiative de la Coalition belge pour Isra\u00ebl, l&rsquo;Alliance pour la Paix au Moyen-Orient, Koinonia Ministries, ORT Belgium, Joods Actueel, Belgian Friends of Israel, Forum of Jewish Organizations, Christians for Israel, Chr\u00e9tiens Amis d&rsquo;Isra\u00ebl, A-net, B&rsquo;nai B&rsquo;rith, Finjan et d&rsquo;autres organisations juives et chr\u00e9tiennes visant <strong>\u00e0 dire la v\u00e9rit\u00e9 sur Isra\u00ebl, \u00e0 combattre l&rsquo;antis\u00e9mitisme et \u00e0 unir toutes les personnes de bonne volont\u00e9, afin de construire un monde meilleur.<\/strong><\/p>\n<p>\t\t\t\t\t\t\t\t\t\t\t\t\t\t\t<img loading=\"lazy\" decoding=\"async\" width=\"730\" height=\"1024\" src=\"https:\/\/shalomfestival.be\/wp-content\/uploads\/2022\/10\/309314175_2924921327815920_824676508644999077_n1-730x1024.jpg\" alt=\"\" loading=\"lazy\" srcset=\"https:\/\/shalomfestival.be\/wp-content\/uploads\/2022\/10\/309314175_2924921327815920_824676508644999077_n1-730x1024.jpg 730w, https:\/\/shalomfestival.be\/wp-content\/uploads\/2022\/10\/309314175_2924921327815920_824676508644999077_n1-214x300.jpg 214w, https:\/\/shalomfestival.be\/wp-content\/uploads\/2022\/10\/309314175_2924921327815920_824676508644999077_n1-768x1078.jpg 768w, https:\/\/shalomfestival.be\/wp-content\/uploads\/2022\/10\/309314175_2924921327815920_824676508644999077_n1-1094x1536.jpg 1094w, https:\/\/shalomfestival.be\/wp-content\/uploads\/2022\/10\/309314175_2924921327815920_824676508644999077_n1.jpg 1459w\" sizes=\"auto, (max-width: 730px) 100vw, 730px\" \/><\/p>\n","protected":false},"excerpt":{"rendered":"<p>Vive la Paix, Shalom. Le festival Shalom a c\u00e9l\u00e9br\u00e9 sa 18e \u00e9dition dimanche dernier \u00e0 la Groenplaats, offrant \u00e0 Anvers une f\u00eate exub\u00e9rante. La cerise sur le g\u00e2teau \u00e9tait la &#8230;<\/p>\n","protected":false},"author":4,"featured_media":0,"parent":0,"menu_order":0,"comment_status":"closed","ping_status":"closed","template":"","meta":{"_eb_attr":"","ngg_post_thumbnail":0,"footnotes":""},"class_list":["post-1441","page","type-page","status-publish","hentry"],"translation":{"provider":"WPGlobus","version":"3.0.2","language":"fr","enabled_languages":["nl","en","fr"],"languages":{"nl":{"title":true,"content":true,"excerpt":false},"en":{"title":true,"content":true,"excerpt":false},"fr":{"title":false,"content":true,"excerpt":false}}},"_links":{"self":[{"href":"https:\/\/shalomfestival.be\/fr\/wp-json\/wp\/v2\/pages\/1441","targetHints":{"allow":["GET"]}}],"collection":[{"href":"https:\/\/shalomfestival.be\/fr\/wp-json\/wp\/v2\/pages"}],"about":[{"href":"https:\/\/shalomfestival.be\/fr\/wp-json\/wp\/v2\/types\/page"}],"author":[{"embeddable":true,"href":"https:\/\/shalomfestival.be\/fr\/wp-json\/wp\/v2\/users\/4"}],"replies":[{"embeddable":true,"href":"https:\/\/shalomfestival.be\/fr\/wp-json\/wp\/v2\/comments?post=1441"}],"version-history":[{"count":63,"href":"https:\/\/shalomfestival.be\/fr\/wp-json\/wp\/v2\/pages\/1441\/revisions"}],"predecessor-version":[{"id":1969,"href":"https:\/\/shalomfestival.be\/fr\/wp-json\/wp\/v2\/pages\/1441\/revisions\/1969"}],"wp:attachment":[{"href":"https:\/\/shalomfestival.be\/fr\/wp-json\/wp\/v2\/media?parent=1441"}],"curies":[{"name":"wp","href":"https:\/\/api.w.org\/{rel}","templated":true}]}}