{"id":1386,"date":"2022-09-20T17:33:08","date_gmt":"2022-09-20T17:33:08","guid":{"rendered":"https:\/\/shalomfestival.be\/?page_id=1386"},"modified":"2022-09-20T17:44:49","modified_gmt":"2022-09-20T17:44:49","slug":"persbericht-brussel-2014","status":"publish","type":"page","link":"https:\/\/shalomfestival.be\/fr\/persbericht-brussel-2014\/","title":{"rendered":"Communiqu\u00e9 de Presse Bruxelles 2014"},"content":{"rendered":"<p><strong>JUIFS &amp; CHRETIENS EVANGELIQUES REAGISSENT A LA VIOLENCE AVEC UN MESSAGE DE PAI. <\/strong><\/p>\n<p>Apr\u00e8s l&rsquo;horrible attentat de samedi dernier au Mus\u00e9e Juif o\u00f9 4 personnes ont \u00e9t\u00e9 froidement assassin\u00e9es, le message <strong>PAIX, VREDE, SHALOM, SALAAM, PEACE, est plus que jamais d&rsquo;actualit\u00e9!<\/strong><\/p>\n<p>Les chr\u00e9tiens \u00e9vang\u00e9liques et la communaut\u00e9 juive se remettent ensemble sur base de leurs croyances communes et r\u00e9pondent \u00e0 la violence et \u00e0 la terreur par un message de paix.<\/p>\n<p>Apr\u00e8s le grand succ\u00e8s des pr\u00e9c\u00e9dentes \u00e9ditions, nous continuons l&rsquo;initiative du Festival Shalom.<\/p>\n<p>Le 1er juin 2014 la Place d&rsquo;Espagne \u00e0 Bruxelles (entre la Grand-Place et la Gare centrale ) sera l&rsquo;endroit o\u00f9 ce message sera diffus\u00e9 conjointement.<\/p>\n<p>De 14 \u00e0 18h il y aura en plein air un programme vari\u00e9 avec e.a. des chorales gospel, musique &amp; danses isra\u00e9liennes, speech, de la nourriture isra\u00e9lienne&#8230; Tentes et divers stands proposeront expositions de photos, peintures, animations pour enfants, litt\u00e9rature et restauration. Tous vos sens seront sollicit\u00e9s. Nous aurons aussi la chance d&rsquo;entendre notre jeune et talentueux Rapha\u00ebl Rozenfeld qui participa \u00e0 \u00ab\u00a0The Voice\u00a0\u00bb. Acc\u00e8s libre pour tout le monde.<\/p>\n<p>Le Festival Shalom est une initiative des organisations de la soci\u00e9t\u00e9 civile belge: la Coalition Belge pour Isra\u00ebl, ORT Belgium, Koinonia Ministries, Beautiful Isra\u00ebl, Anet, Chr\u00e9tiens pour Isra\u00ebl. Le but de ce festival culturel, est de promouvoir le dialogue, l&rsquo;entente et la paix entre les peuples.<\/p>\n<p>Pour plus d&rsquo;informations, contactez-nous au shalom@koinonia.be ou +32 (0) 486 25 24 04<\/p>\n<style>\/*! elementor - v3.7.6 - 15-09-2022 *\/<br \/>\n.elementor-widget-image{text-align:center}.elementor-widget-image a{display:inline-block}.elementor-widget-image a img[src$=\".svg\"]{width:48px}.elementor-widget-image img{vertical-align:middle;display:inline-block}<\/style>\n<p>\t\t\t\t\t\t\t\t\t\t\t\t<img loading=\"lazy\" decoding=\"async\" src=\"https:\/\/shalomfestival.be\/wp-content\/uploads\/2022\/09\/shalom-flyer-front-francaise-dance-2014-732x1024.jpg\" alt=\"\" loading=\"lazy\" srcset=\"https:\/\/shalomfestival.be\/wp-content\/uploads\/2022\/09\/shalom-flyer-front-francaise-dance-2014-732x1024.jpg 732w, https:\/\/shalomfestival.be\/wp-content\/uploads\/2022\/09\/shalom-flyer-front-francaise-dance-2014-214x300.jpg 214w, https:\/\/shalomfestival.be\/wp-content\/uploads\/2022\/09\/shalom-flyer-front-francaise-dance-2014-768x1074.jpg 768w, https:\/\/shalomfestival.be\/wp-content\/uploads\/2022\/09\/shalom-flyer-front-francaise-dance-2014-1098x1536.jpg 1098w, https:\/\/shalomfestival.be\/wp-content\/uploads\/2022\/09\/shalom-flyer-front-francaise-dance-2014.jpg 1288w\" sizes=\"auto, (max-width: 732px) 100vw, 732px\" width=\"732\" height=\"1024\"><\/p>\n","protected":false},"excerpt":{"rendered":"<p>JUIFS &amp; CHRETIENS EVANGELIQUES REAGISSENT A LA VIOLENCE AVEC UN MESSAGE DE PAI. Apr\u00e8s l&rsquo;horrible attentat de samedi dernier au Mus\u00e9e Juif o\u00f9 4 personnes ont \u00e9t\u00e9 froidement assassin\u00e9es, le &#8230;<\/p>\n","protected":false},"author":4,"featured_media":0,"parent":0,"menu_order":0,"comment_status":"closed","ping_status":"closed","template":"","meta":{"_eb_attr":"","ngg_post_thumbnail":0,"footnotes":""},"class_list":["post-1386","page","type-page","status-publish","hentry"],"translation":{"provider":"WPGlobus","version":"3.0.0","language":"fr","enabled_languages":["nl","en","fr"],"languages":{"nl":{"title":true,"content":true,"excerpt":false},"en":{"title":false,"content":false,"excerpt":false},"fr":{"title":true,"content":true,"excerpt":false}}},"_links":{"self":[{"href":"https:\/\/shalomfestival.be\/fr\/wp-json\/wp\/v2\/pages\/1386","targetHints":{"allow":["GET"]}}],"collection":[{"href":"https:\/\/shalomfestival.be\/fr\/wp-json\/wp\/v2\/pages"}],"about":[{"href":"https:\/\/shalomfestival.be\/fr\/wp-json\/wp\/v2\/types\/page"}],"author":[{"embeddable":true,"href":"https:\/\/shalomfestival.be\/fr\/wp-json\/wp\/v2\/users\/4"}],"replies":[{"embeddable":true,"href":"https:\/\/shalomfestival.be\/fr\/wp-json\/wp\/v2\/comments?post=1386"}],"version-history":[{"count":19,"href":"https:\/\/shalomfestival.be\/fr\/wp-json\/wp\/v2\/pages\/1386\/revisions"}],"predecessor-version":[{"id":1409,"href":"https:\/\/shalomfestival.be\/fr\/wp-json\/wp\/v2\/pages\/1386\/revisions\/1409"}],"wp:attachment":[{"href":"https:\/\/shalomfestival.be\/fr\/wp-json\/wp\/v2\/media?parent=1386"}],"curies":[{"name":"wp","href":"https:\/\/api.w.org\/{rel}","templated":true}]}}