{"id":1368,"date":"2022-09-20T17:12:13","date_gmt":"2022-09-20T17:12:13","guid":{"rendered":"https:\/\/shalomfestival.be\/?page_id=1368"},"modified":"2022-09-20T17:26:48","modified_gmt":"2022-09-20T17:26:48","slug":"communique-de-presse-2013","status":"publish","type":"page","link":"https:\/\/shalomfestival.be\/fr\/communique-de-presse-2013\/","title":{"rendered":"Communiqu\u00e9 de Presse Bruxelles 2013"},"content":{"rendered":"<p><strong>Le dimanche 12 mai 2013 se d\u00e9roulera pour la premi\u00e8re fois \u00e0 Bruxelles le \u00ab\u00a0Festival pour la Paix\u00a0\u00bb.<\/strong><\/p>\n<p>Cet \u00e9v\u00e8nement culturel pour Isra\u00ebl aura lieu de 14h \u00e0 18h \u00e0 la Place d&rsquo;Espagne, 1000 Bruxelles (entre la Grand-Place et la Gare Centrale).<\/p>\n<p>A l&rsquo;initiative de ce festival, des organisations de la soci\u00e9t\u00e9 civile belge, parmi lesquelles la Coalition Belge pour Isra\u00ebl, Koinonia, B&rsquo;nai B&rsquo;rith de Bruxelles, KKL, ORT Belgium, Meir Panim, Anet et Chr\u00e9tiens pour Isra\u00ebl. Au programme: concert gospel, danses, prestations musicales, nombreux stands avec expositions de photos, peintures, animations pour enfants, litt\u00e9rature et restauration.<\/p>\n<p>Le but de ce festival culturel, dont les deux \u00e9ditions pr\u00e9c\u00e9dentes se sont d\u00e9roul\u00e9es avec succ\u00e8s \u00e0 Anvers, est de promouvoir le dialogue, l&rsquo;entente et la paix entre les peuples.<\/p>\n<p>L&rsquo;intervention \u00e0 cette occasion de deux professeurs isra\u00e9liens actifs dans le r\u00e9seau \u00e9ducatif mondial et non-gouvernemental de l&rsquo;ORT, l&rsquo;un juif, l&rsquo;autre arabe, constituera sans aucun doute un des moments forts de cette journ\u00e9e. Ils travaillent depuis des ann\u00e9es ensemble, et ils expliqueront de quelle mani\u00e8re la coop\u00e9ration entre personnes issues de toutes les communaut\u00e9s est une r\u00e9alit\u00e9 en Isra\u00ebl.<\/p>\n<style>\/*! elementor - v3.7.6 - 15-09-2022 *\/<br \/>\n.elementor-widget-image{text-align:center}.elementor-widget-image a{display:inline-block}.elementor-widget-image a img[src$=\".svg\"]{width:48px}.elementor-widget-image img{vertical-align:middle;display:inline-block}<\/style>\n<p>\t\t\t\t\t\t\t\t\t\t\t\t<img decoding=\"async\" src=\"https:\/\/shalomfestival.be\/wp-content\/uploads\/elementor\/thumbs\/shalom-flyer-franaise-dance-13_differ-pv1u08kjrfycxd1zf76t99t6zsxr3rq7yrxn4vwnwg.jpg\" title=\"shalom-flyer-franaise-dance-13_differ\" alt=\"shalom-flyer-franaise-dance-13_differ\"><\/p>\n","protected":false},"excerpt":{"rendered":"<p>Le dimanche 12 mai 2013 se d\u00e9roulera pour la premi\u00e8re fois \u00e0 Bruxelles le \u00ab\u00a0Festival pour la Paix\u00a0\u00bb. Cet \u00e9v\u00e8nement culturel pour Isra\u00ebl aura lieu de 14h \u00e0 18h \u00e0 &#8230;<\/p>\n","protected":false},"author":4,"featured_media":0,"parent":0,"menu_order":0,"comment_status":"closed","ping_status":"closed","template":"","meta":{"_eb_attr":"","ngg_post_thumbnail":0,"footnotes":""},"class_list":["post-1368","page","type-page","status-publish","hentry"],"translation":{"provider":"WPGlobus","version":"3.0.0","language":"fr","enabled_languages":["nl","en","fr"],"languages":{"nl":{"title":false,"content":false,"excerpt":false},"en":{"title":false,"content":false,"excerpt":false},"fr":{"title":true,"content":true,"excerpt":false}}},"_links":{"self":[{"href":"https:\/\/shalomfestival.be\/fr\/wp-json\/wp\/v2\/pages\/1368","targetHints":{"allow":["GET"]}}],"collection":[{"href":"https:\/\/shalomfestival.be\/fr\/wp-json\/wp\/v2\/pages"}],"about":[{"href":"https:\/\/shalomfestival.be\/fr\/wp-json\/wp\/v2\/types\/page"}],"author":[{"embeddable":true,"href":"https:\/\/shalomfestival.be\/fr\/wp-json\/wp\/v2\/users\/4"}],"replies":[{"embeddable":true,"href":"https:\/\/shalomfestival.be\/fr\/wp-json\/wp\/v2\/comments?post=1368"}],"version-history":[{"count":9,"href":"https:\/\/shalomfestival.be\/fr\/wp-json\/wp\/v2\/pages\/1368\/revisions"}],"predecessor-version":[{"id":1385,"href":"https:\/\/shalomfestival.be\/fr\/wp-json\/wp\/v2\/pages\/1368\/revisions\/1385"}],"wp:attachment":[{"href":"https:\/\/shalomfestival.be\/fr\/wp-json\/wp\/v2\/media?parent=1368"}],"curies":[{"name":"wp","href":"https:\/\/api.w.org\/{rel}","templated":true}]}}