{"id":1326,"date":"2022-09-20T16:45:53","date_gmt":"2022-09-20T16:45:53","guid":{"rendered":"https:\/\/shalomfestival.be\/?page_id=1326"},"modified":"2022-09-20T17:06:11","modified_gmt":"2022-09-20T17:06:11","slug":"persbericht-2013","status":"publish","type":"page","link":"https:\/\/shalomfestival.be\/fr\/persbericht-2013\/","title":{"rendered":"Communiqu\u00e9 de Presse 2012"},"content":{"rendered":"<p>Communiqu\u00e9 de presse \u00e0 envoyer imm\u00e9diatement<\/p>\n<p><strong>JUIFS ET CHRETIENS EVANGELIQUES ORGANISENT ENSEMBLE UN FESTIVAL POUR LA PAIX<\/strong><\/p>\n<p>Apr\u00e8s le succ\u00e8s retentissant du Festival pour la Paix de l\u2019ann\u00e9e derni\u00e8re, nous continuons cette initiative. Le 28 octobre 2012 la Groenplaats \u00e0 Anvers sera le d\u00e9cor pour cet \u00e9v\u00e8nement unique.<\/p>\n<p>A nouveau les chr\u00e9tiens \u00e9vang\u00e9liques et la communaut\u00e9 juive travaillent main dans la main, tout en gardant chacun leur identit\u00e9 propre, pour \u00e9mettre un message de paix vers le grand public, la rue et les medias.<\/p>\n<p>De 13h a 18h il y aura divers stands, tentes et un programme vari\u00e9 en continu: avec e.a. gospel, musique et danses isra\u00e9liennes, culture, discours, lecture, de la cuisine juive et isra\u00e9lienne. Le but est de partager un message de paix, que l\u2019on peut entendre, voir, lire toucher et go\u00fbter\u2026<\/p>\n<p>Ce Festival est une initiative de la Coalition belge pour Isra\u00ebl, le Bnai B\u2019rith, ORT Belgium et d\u2019autres organisations juives, Koinonia Ministries et les Chr\u00e9tiens pour Isra\u00ebl.<\/p>\n<p>Nous esp\u00e9rons avoir piqu\u00e9 votre curiosit\u00e9. Pour plus amples informations, vous pouvez vous adresser \u00e0 shalom@koinonia.be ou <strong>0486 25 24 04<\/strong><\/p>\n<p>https:\/\/shalomfestival.be\/wp-content\/uploads\/2022\/09\/A-Shalomfestival-Movieclip-By-William-K.mp4\t\t<\/p>\n<style>\/*! elementor - v3.7.6 - 15-09-2022 *\/\n.elementor-widget-image{text-align:center}.elementor-widget-image a{display:inline-block}.elementor-widget-image a img[src$=\".svg\"]{width:48px}.elementor-widget-image img{vertical-align:middle;display:inline-block}<\/style>\n<p>\t\t\t\t\t\t\t\t\t\t\t\t<img decoding=\"async\" src=\"https:\/\/shalomfestival.be\/wp-content\/uploads\/elementor\/thumbs\/shalom_poster_28.10.12-nederlands-ptnxzsrnwi5m1rgwg273ijo6nb2j7u5pwdew2le29s.jpg\" title=\"shalom_poster_28.10.12 nederlands\" alt=\"shalom_poster_28.10.12 nederlands\" \/><\/p>\n","protected":false},"excerpt":{"rendered":"<p>Communiqu\u00e9 de presse \u00e0 envoyer imm\u00e9diatement JUIFS ET CHRETIENS EVANGELIQUES ORGANISENT ENSEMBLE UN FESTIVAL POUR LA PAIX Apr\u00e8s le succ\u00e8s retentissant du Festival pour la Paix de l\u2019ann\u00e9e derni\u00e8re, nous &#8230;<\/p>\n","protected":false},"author":4,"featured_media":0,"parent":0,"menu_order":0,"comment_status":"closed","ping_status":"closed","template":"","meta":{"_eb_attr":"","ngg_post_thumbnail":0,"footnotes":""},"class_list":["post-1326","page","type-page","status-publish","hentry"],"translation":{"provider":"WPGlobus","version":"3.0.2","language":"fr","enabled_languages":["nl","en","fr"],"languages":{"nl":{"title":true,"content":true,"excerpt":false},"en":{"title":false,"content":false,"excerpt":false},"fr":{"title":true,"content":true,"excerpt":false}}},"_links":{"self":[{"href":"https:\/\/shalomfestival.be\/fr\/wp-json\/wp\/v2\/pages\/1326","targetHints":{"allow":["GET"]}}],"collection":[{"href":"https:\/\/shalomfestival.be\/fr\/wp-json\/wp\/v2\/pages"}],"about":[{"href":"https:\/\/shalomfestival.be\/fr\/wp-json\/wp\/v2\/types\/page"}],"author":[{"embeddable":true,"href":"https:\/\/shalomfestival.be\/fr\/wp-json\/wp\/v2\/users\/4"}],"replies":[{"embeddable":true,"href":"https:\/\/shalomfestival.be\/fr\/wp-json\/wp\/v2\/comments?post=1326"}],"version-history":[{"count":5,"href":"https:\/\/shalomfestival.be\/fr\/wp-json\/wp\/v2\/pages\/1326\/revisions"}],"predecessor-version":[{"id":1360,"href":"https:\/\/shalomfestival.be\/fr\/wp-json\/wp\/v2\/pages\/1326\/revisions\/1360"}],"wp:attachment":[{"href":"https:\/\/shalomfestival.be\/fr\/wp-json\/wp\/v2\/media?parent=1326"}],"curies":[{"name":"wp","href":"https:\/\/api.w.org\/{rel}","templated":true}]}}