{"id":1077,"date":"2021-11-29T21:20:18","date_gmt":"2021-11-29T21:20:18","guid":{"rendered":"https:\/\/shalomfestival.be\/?page_id=1077"},"modified":"2025-01-25T08:43:02","modified_gmt":"2025-01-25T08:43:02","slug":"persberichten","status":"publish","type":"page","link":"https:\/\/shalomfestival.be\/fr\/persberichten\/","title":{"rendered":"Archiver"},"content":{"rendered":"<h2>Archiver<\/h2>\n<p>\t\t\t\t\t<a href=\"https:\/\/shalomfestival.be\/fr\/communique-de-presse-festival-shalom-2024-a-anvers\/\"><br \/>\n\t\t\t\t\t\t\t\t\tCommuniqu\u00e9 de Presse Anvers&#8230; 2024<br \/>\n\t\t\t\t\t<\/a><br \/>\n\t\t\t\t\t<a href=\"https:\/\/shalomfestival.be\/fr\/shalomfestival-antwerpen-2023\/\"><br \/>\n\t\t\t\t\t\t\t\t\tCommuniqu\u00e9 de Presse Anvers&#8230; 2023<br \/>\n\t\t\t\t\t<\/a><br \/>\n\t\t\t\t\t<a href=\"https:\/\/shalomfestival.be\/fr\/persbericht-antwerpen-2022\/\"><br \/>\n\t\t\t\t\t\t\t\t\tCommuniqu\u00e9 de Presse Anvers&#8230; 2022<br \/>\n\t\t\t\t\t<\/a><br \/>\n\t\t\t\t\t<a href=\"https:\/\/shalomfestival.be\/fr\/shalomfestival-brussel-2016\/\"><br \/>\n\t\t\t\t\t\t\t\t\tCommuniqu\u00e9 de Presse Bruxelles 2016<br \/>\n\t\t\t\t\t<\/a><br \/>\n\t\t\t\t\t<a href=\"https:\/\/shalomfestival.be\/fr\/persbericht-brussel-2015\/\"><br \/>\n\t\t\t\t\t\t\t\t\tCommuniqu\u00e9 de Presse Bruxelles 2015<br \/>\n\t\t\t\t\t<\/a><br \/>\n\t\t\t\t\t<a href=\"https:\/\/shalomfestival.be\/fr\/persbericht-brussel-2014\"><br \/>\n\t\t\t\t\t\t\t\t\tCommuniqu\u00e9 de Presse Bruxelles 2014<br \/>\n\t\t\t\t\t<\/a><br \/>\n\t\t\t\t\t<a href=\"https:\/\/shalomfestival.be\/fr\/communique-de-presse-2013\"><br \/>\n\t\t\t\t\t\t\t\t\tCommuniqu\u00e9 de Presse Bruxelles 2013<br \/>\n\t\t\t\t\t<\/a><\/p>\n","protected":false},"excerpt":{"rendered":"<p>Archiver Communiqu\u00e9 de Presse Anvers&#8230; 2024 Communiqu\u00e9 de Presse Anvers&#8230; 2023 Communiqu\u00e9 de Presse Anvers&#8230; 2022 Communiqu\u00e9 de Presse Bruxelles 2016 Communiqu\u00e9 de Presse Bruxelles 2015 Communiqu\u00e9 de Presse Bruxelles &#8230;<\/p>\n","protected":false},"author":5,"featured_media":0,"parent":0,"menu_order":0,"comment_status":"closed","ping_status":"closed","template":"","meta":{"_eb_attr":"","ngg_post_thumbnail":0,"footnotes":""},"class_list":["post-1077","page","type-page","status-publish","hentry"],"translation":{"provider":"WPGlobus","version":"3.0.0","language":"fr","enabled_languages":["nl","en","fr"],"languages":{"nl":{"title":true,"content":true,"excerpt":false},"en":{"title":true,"content":true,"excerpt":false},"fr":{"title":true,"content":true,"excerpt":false}}},"_links":{"self":[{"href":"https:\/\/shalomfestival.be\/fr\/wp-json\/wp\/v2\/pages\/1077","targetHints":{"allow":["GET"]}}],"collection":[{"href":"https:\/\/shalomfestival.be\/fr\/wp-json\/wp\/v2\/pages"}],"about":[{"href":"https:\/\/shalomfestival.be\/fr\/wp-json\/wp\/v2\/types\/page"}],"author":[{"embeddable":true,"href":"https:\/\/shalomfestival.be\/fr\/wp-json\/wp\/v2\/users\/5"}],"replies":[{"embeddable":true,"href":"https:\/\/shalomfestival.be\/fr\/wp-json\/wp\/v2\/comments?post=1077"}],"version-history":[{"count":305,"href":"https:\/\/shalomfestival.be\/fr\/wp-json\/wp\/v2\/pages\/1077\/revisions"}],"predecessor-version":[{"id":2774,"href":"https:\/\/shalomfestival.be\/fr\/wp-json\/wp\/v2\/pages\/1077\/revisions\/2774"}],"wp:attachment":[{"href":"https:\/\/shalomfestival.be\/fr\/wp-json\/wp\/v2\/media?parent=1077"}],"curies":[{"name":"wp","href":"https:\/\/api.w.org\/{rel}","templated":true}]}}