{"id":1056,"date":"2021-11-23T15:19:15","date_gmt":"2021-11-23T15:19:15","guid":{"rendered":"https:\/\/shalomfestival.be\/?page_id=1056"},"modified":"2022-09-26T21:45:05","modified_gmt":"2022-09-26T21:45:05","slug":"persbericht-2021","status":"publish","type":"page","link":"https:\/\/shalomfestival.be\/fr\/persbericht-2021\/","title":{"rendered":"Persbericht Antwerpen 2021"},"content":{"rendered":"<style>\/*! elementor - v3.7.7 - 20-09-2022 *\/\n.elementor-heading-title{padding:0;margin:0;line-height:1}.elementor-widget-heading .elementor-heading-title[class*=elementor-size-]>a{color:inherit;font-size:inherit;line-height:inherit}.elementor-widget-heading .elementor-heading-title.elementor-size-small{font-size:15px}.elementor-widget-heading .elementor-heading-title.elementor-size-medium{font-size:19px}.elementor-widget-heading .elementor-heading-title.elementor-size-large{font-size:29px}.elementor-widget-heading .elementor-heading-title.elementor-size-xl{font-size:39px}.elementor-widget-heading .elementor-heading-title.elementor-size-xxl{font-size:59px}<\/style>\n<h2>Persbericht Shalomfestival 2021 Antwerpen<\/h2>\n<p><strong>\u2018In het verleden stond de joodse gemeenschap heel argwanend tegenover een uitgestoken hand van andere geloofsgemeenschappen. <\/strong>Hebben ze het echt goed met ons voor of willen ze ons bekeren of zo? Maar hier wordt bewezen dat er in alle openheid en met respect voor elkaars eigenheid kan worden samengewerkt. Het is een bont gezelschap. En het weer werkte ook nog eens mee\u2026 al onze gebeden werden verhoord\u2019 aldus Michael Freilich, kamerlid in het interview van de Gazet van Antwerpen.<\/p>\n<p>\u00a0\t\t<\/p>\n<style>\/*! elementor - v3.7.7 - 20-09-2022 *\/\n.elementor-widget-image{text-align:center}.elementor-widget-image a{display:inline-block}.elementor-widget-image a img[src$=\".svg\"]{width:48px}.elementor-widget-image img{vertical-align:middle;display:inline-block}<\/style>\n<p>\t\t\t\t\t\t\t\t\t\t\t\t<img loading=\"lazy\" decoding=\"async\" width=\"768\" height=\"512\" src=\"https:\/\/shalomfestival.be\/wp-content\/uploads\/2021\/11\/shalom2021_foto3-768x512.jpg\" alt=\"\" loading=\"lazy\" srcset=\"https:\/\/shalomfestival.be\/wp-content\/uploads\/2021\/11\/shalom2021_foto3-768x512.jpg 768w, https:\/\/shalomfestival.be\/wp-content\/uploads\/2021\/11\/shalom2021_foto3-300x200.jpg 300w, https:\/\/shalomfestival.be\/wp-content\/uploads\/2021\/11\/shalom2021_foto3-1024x683.jpg 1024w, https:\/\/shalomfestival.be\/wp-content\/uploads\/2021\/11\/shalom2021_foto3.jpg 1500w\" sizes=\"auto, (max-width: 768px) 100vw, 768px\" \/>\t\t\t\t\t\t\t\t\t\t\t\t\t\t\t<\/p>\n<p><strong>Een ongewone dag vond plaats op de Groenplaats<\/strong>. <strong>Als vrienden die elkaar uiteindelijk vonden<\/strong> was een heel gevarieerd publiek aanwezig op de stoelen en in de kraampjes, op en rondom het podium van het Shalom Festival. Jong en oud, traditioneel en hedendaags, van uiteenlopende culturen, geloof en belijdenis beleefden samen een dag in pakkende harmonie. Er was geen haat noch negativiteit te bespeuren.<\/p>\n<p>\u00a0<br \/>\n\t\t\t\t\t\t\t\t\t\t\t\t\t\t\t<img loading=\"lazy\" decoding=\"async\" width=\"480\" height=\"300\" src=\"https:\/\/shalomfestival.be\/wp-content\/uploads\/2021\/11\/shalom2021_foto6-480x300.jpg\" alt=\"\" loading=\"lazy\" srcset=\"https:\/\/shalomfestival.be\/wp-content\/uploads\/2021\/11\/shalom2021_foto6-480x300.jpg 480w, https:\/\/shalomfestival.be\/wp-content\/uploads\/2021\/11\/shalom2021_foto6-640x400.jpg 640w\" sizes=\"auto, (max-width: 480px) 100vw, 480px\" \/>\t\t\t\t\t\t\t\t\t\t\t\t\t\t\t<\/p>\n<p><strong>Toch was er veel meer dan ambiance. <\/strong>Een doordachte boodschap van vrede, werd gebracht vanuit verschillende hoeken, aangevuld en beleefd, maakte dat het festival in woord en daad zijn naam waardig is.<br \/><strong>\u2018Wat is de boodschap die we mee mogen nemen,<\/strong> <strong>hoe kunnen we aan vrede werken in eigen omgeving, wat zijn de sleutels onderweg naar vrede in familie, eigen stad en tot in het Midden-Oosten?<\/strong>\u2019 Dit waren de vragen vanop het podium van het Shalom Festival. \u2018<strong>Respect voor elkaar is het fundament<\/strong>\u2019 antwoordde de Antwerpenaar M. Freilich, een praktiserend jood. Hij ging verder en legde uit dat <strong>aanvaarding en het goede toewensen aan onze naaste<\/strong>, onmisbare componenten zijn in het grote concept van vrede. \u2018Verschillende malen per dag begroeten we mensen met het woord \u2018shalom\u2019 in onze cultuur\u2019 benadrukte de joodse Antwerpenaar. \u2018Shalom is een Bijbels woord en betekent een alles omvattende vrede.\u2019<\/p>\n<p>\u00a0<br \/>\n\t\t\t\t\t\t\t\t\t\t\t\t\t\t\t<img loading=\"lazy\" decoding=\"async\" width=\"480\" height=\"300\" src=\"https:\/\/shalomfestival.be\/wp-content\/uploads\/2021\/11\/shalom2021_foto8-480x300.jpg\" alt=\"\" loading=\"lazy\" srcset=\"https:\/\/shalomfestival.be\/wp-content\/uploads\/2021\/11\/shalom2021_foto8-480x300.jpg 480w, https:\/\/shalomfestival.be\/wp-content\/uploads\/2021\/11\/shalom2021_foto8-640x400.jpg 640w\" sizes=\"auto, (max-width: 480px) 100vw, 480px\" \/>\t\t\t\t\t\t\t\t\t\t\t\t\t\t\t<\/p>\n<p style=\"text-align: left;\"><strong>Sprekers <br \/><\/strong><\/p>\n<p>\u2018We komen op de Groenplaats in <strong>een geest van verbinding tussen mensen van goede wil<\/strong>. Dialoog is bij uitstek de weg naar vrede,\u2019 zei <strong>Andr\u00e9 Gantman, lid van de gemeenteraad,<\/strong> stad Antwerpen, schrijver, jood en vanaf het begin zeer betrokken bij het Shalom Festival.<br \/>\u2018We zijn een Joodse instelling, maar onze deur staat open voor elke student die beseft dat we de waarden van het juda\u00efsme uitdragen\u2019, zei Charlotte Guntman, voozitster van ORT-Belgium en mede-organisatrice van het Shalom Festival.<\/p>\n<p><strong>Nick Vandeputte bracht een bemoedigende boodschap aan de joodse gemeenschap<\/strong>. De voormalige voorzitter van de Belgische Coalitie voor Isra\u00ebl zei: \u2018Jullie hebben veel vrienden en er zijn veel mensen die voortdurend voor jullie bidden\u2019. Nick, die vanaf zijn tienerjaren samen \u00a0met zijn familie joodse mensen uit Oekra\u00efne hielp naar Isra\u00ebl verhuizen, zelfs toen de grenzen gesloten waren, beseft <strong>de verantwoordelijkheid van elke Christen om \u00a0het joodse volk lief te hebben en hen in de moeilijke momenten bij te staan<\/strong>. \u2018Totale shalom-vrede is het doel van God, 329 keer in de Bijbel uitgedrukt\u2019, was de opening van zijn toespraak.<\/p>\n<p>\u00a0\u00a0<br \/>\n\t\t\t\t\t\t\t\t\t\t\t\t\t\t\t<img loading=\"lazy\" decoding=\"async\" width=\"480\" height=\"300\" src=\"https:\/\/shalomfestival.be\/wp-content\/uploads\/2021\/11\/shalom2021_foto11-480x300.jpg\" alt=\"\" loading=\"lazy\" srcset=\"https:\/\/shalomfestival.be\/wp-content\/uploads\/2021\/11\/shalom2021_foto11-480x300.jpg 480w, https:\/\/shalomfestival.be\/wp-content\/uploads\/2021\/11\/shalom2021_foto11-640x400.jpg 640w\" sizes=\"auto, (max-width: 480px) 100vw, 480px\" \/><br \/>\n\t\t\t\t\t\t\t\t\t\t\t\t\t\t\t<img loading=\"lazy\" decoding=\"async\" width=\"480\" height=\"300\" src=\"https:\/\/shalomfestival.be\/wp-content\/uploads\/2021\/11\/shalom2021_foto12-480x300.jpg\" alt=\"\" loading=\"lazy\" srcset=\"https:\/\/shalomfestival.be\/wp-content\/uploads\/2021\/11\/shalom2021_foto12-480x300.jpg 480w, https:\/\/shalomfestival.be\/wp-content\/uploads\/2021\/11\/shalom2021_foto12-640x400.jpg 640w\" sizes=\"auto, (max-width: 480px) 100vw, 480px\" \/>\t\t\t\t\t\t\t\t\t\t\t\t\t\t\t<\/p>\n<p><strong>Het Shalom Festival is een baanbrekend initiatief<\/strong> van de Belgische Coalitie voor Isra\u00ebl, georganiseerd door Koinonia, Christenen voor Isra\u00ebl, Chr\u00e9tiens Amis d\u2019Israel, iMove Belgium, Anet, het Joods-christelijke samenwerkingsplatform Alliantie voor de vrede in het Midden- Oosten, ORT Belgium, Beautiful Israel, WIZO, Joods Actueel, B\u2019nai B\u2019rith Europa, Bne Akivah en het Forum der Joodse organisaties.<\/p>\n<p><strong>Het Shalom Festival zet Isra\u00ebl en de joodse gemeenschap in een positief daglicht<\/strong>, bouwt een platform van contacten tussen joodse mensen, Evangelische Christenen en de stad, bestrijdt antisemitisme en vervalsing van feiten tegen het Joodse volk.<\/p>\n<p>\u00a0<br \/>\n\t\t\t\t\t\t\t\t\t\t\t\t\t\t\t<img loading=\"lazy\" decoding=\"async\" width=\"480\" height=\"300\" src=\"https:\/\/shalomfestival.be\/wp-content\/uploads\/2021\/11\/shalom2021_foto15-480x300.jpg\" alt=\"\" loading=\"lazy\" srcset=\"https:\/\/shalomfestival.be\/wp-content\/uploads\/2021\/11\/shalom2021_foto15-480x300.jpg 480w, https:\/\/shalomfestival.be\/wp-content\/uploads\/2021\/11\/shalom2021_foto15-640x400.jpg 640w\" sizes=\"auto, (max-width: 480px) 100vw, 480px\" \/><br \/>\n\t\t\t\t\t\t\t\t\t\t\t\t\t\t\t<img loading=\"lazy\" decoding=\"async\" width=\"480\" height=\"300\" src=\"https:\/\/shalomfestival.be\/wp-content\/uploads\/2021\/11\/shalom2021_foto4-480x300.jpg\" alt=\"\" loading=\"lazy\" srcset=\"https:\/\/shalomfestival.be\/wp-content\/uploads\/2021\/11\/shalom2021_foto4-480x300.jpg 480w, https:\/\/shalomfestival.be\/wp-content\/uploads\/2021\/11\/shalom2021_foto4-640x400.jpg 640w\" sizes=\"auto, (max-width: 480px) 100vw, 480px\" \/>\t\t\t\t\t\t\t\t\t\t\t\t\t\t\t<\/p>\n<p><strong>\u2018Shalom Festival is een wonder op zich, het verwezenlijkt wat onmogelijk lijkt te zijn, overbrugd waar een kloof was en wakkert aan wat uitgeblust leek.<\/strong> Meer dan alle verwachtingen loste het Shalom Festival in en maakte een krachtig statement naar de stad en de pers. Shalom-vrede is een prioriteit en waard om na te streven. <strong>Elkaar ontmoeten, leren kennen, samen eten, samen dansen ruimt vooroordelen uit de weg en maakt plaats voor aanvaarding; het smelt harten in feite samen voor de toekomst.<\/strong>\u2019 Katia Van De Broeck, mede-organisatrice en dagelijks bestuurder van Koinonia.<\/p>\n<p>\u00a0<br \/>\n\t\t\t\t\t\t\t\t\t\t\t\t\t\t\t<img loading=\"lazy\" decoding=\"async\" width=\"480\" height=\"300\" src=\"https:\/\/shalomfestival.be\/wp-content\/uploads\/2021\/11\/shalom2021_foto5-480x300.jpg\" alt=\"\" loading=\"lazy\" srcset=\"https:\/\/shalomfestival.be\/wp-content\/uploads\/2021\/11\/shalom2021_foto5-480x300.jpg 480w, https:\/\/shalomfestival.be\/wp-content\/uploads\/2021\/11\/shalom2021_foto5-640x400.jpg 640w\" sizes=\"auto, (max-width: 480px) 100vw, 480px\" \/>\t\t\t\t\t\t\t\t\t\t\t\t\t\t\t<\/p>\n<p><strong>Een propvolle Groenplaats werd meegesleept door de optredens van Boogie Boy. <\/strong>De bekende Vlaamse artiest liet voor de derde keer zijn joodse roots weerklinken op het Shalom Festival. Samen met het gospelkoor ETHIM kwam het tot een denderende apotheose tijdens het zingen van het welbekende, Joodse&nbsp; lied, \u2018Er is vrede in ons midden\u2019. Vrede was er tussen de Joodse en de Evangelische gemeenschappen die de voortrekkers van het evenement ook zijn. Een veelbelovende vriendschap die al lang niet meer in haar kinderschoenen staat werd op deze dag gevierd.<br \/>De twee bands werden vergezeld door de hemelse klanken van het Hativka, gezongen door Michael Verschuren en de passionele dansstukken van Braziliaanse, Rwandese, Indonesische en multiculturele groepen die op deze manier hun steun en liefde voor Isra\u00ebl betuigden.<br \/>Zo vermengden jeugdgroepen zich met volwassenen in het publiek en op de dansvloer doorheen deze zeer succesvolle namiddag.<\/p>\n<p>\t\t\t\t\t\t\t\t\t\t\t\t\t\t\t<img loading=\"lazy\" decoding=\"async\" width=\"480\" height=\"300\" src=\"https:\/\/shalomfestival.be\/wp-content\/uploads\/2021\/11\/shalom2021_foto7-480x300.jpg\" alt=\"\" loading=\"lazy\" srcset=\"https:\/\/shalomfestival.be\/wp-content\/uploads\/2021\/11\/shalom2021_foto7-480x300.jpg 480w, https:\/\/shalomfestival.be\/wp-content\/uploads\/2021\/11\/shalom2021_foto7-640x400.jpg 640w\" sizes=\"auto, (max-width: 480px) 100vw, 480px\" \/>\t\t\t\t\t\t\t\t\t\t\t\t\t\t\t<\/p>\n<p>\u2018Ik zal zegenen wie u zegent\u2019 las Kofi Akuoku, voorganger van \u2018Kingdom Faith Ministries\u2019 voor uit de Bijbel ,vanuit Genesis 12:3. \u2018Die belofte gaf God aan de voorvader van het Joodse volk, om Zijn onvoorwaardelijke trouw aan hen te openbaren.\u2019 Zijn statement werd beaamd door de Ghanese voorganger uit Gent, Frank Owusu.<br \/>\u2018Dit betekent dat de joodse gemeenschap een zegen voor onze stad is\u2019 vulde de Braziliaanse voorganger Antonio Albino aan.<br \/>\u2018Waakzaam zijn voor de antisemitische propaganda in de pers\u2019 was de oproep naar de bezoekers toe van de Kameroense voorganger Simon Khan, van ETHIM-kerk Antwerpen, t.o.v. misleidende informatie over Isra\u00ebl en het Joodse volk.<br \/>\u2018Niet anders dan een grote verontschuldiging voor de pijn en ongepaste behandeling in het verleden\u2019 \u00a0bood Leo Maeckelberghe aan, voorganger van de Evangelische Kerk Philadelphia in Hoboken.<\/p>\n<p>\u00a0<br \/>\n\t\t\t\t\t\t\t\t\t\t\t\t\t\t\t<img loading=\"lazy\" decoding=\"async\" width=\"683\" height=\"1024\" src=\"https:\/\/shalomfestival.be\/wp-content\/uploads\/2021\/11\/shalom2021_foto10-683x1024.jpg\" alt=\"\" loading=\"lazy\" srcset=\"https:\/\/shalomfestival.be\/wp-content\/uploads\/2021\/11\/shalom2021_foto10-683x1024.jpg 683w, https:\/\/shalomfestival.be\/wp-content\/uploads\/2021\/11\/shalom2021_foto10-200x300.jpg 200w, https:\/\/shalomfestival.be\/wp-content\/uploads\/2021\/11\/shalom2021_foto10-768x1151.jpg 768w, https:\/\/shalomfestival.be\/wp-content\/uploads\/2021\/11\/shalom2021_foto10-1025x1536.jpg 1025w, https:\/\/shalomfestival.be\/wp-content\/uploads\/2021\/11\/shalom2021_foto10-1366x2048.jpg 1366w, https:\/\/shalomfestival.be\/wp-content\/uploads\/2021\/11\/shalom2021_foto10.jpg 1467w\" sizes=\"auto, (max-width: 683px) 100vw, 683px\" \/><br \/>\n\t\t\t\t\t\t\t\t\t\t\t\t\t\t\t<img loading=\"lazy\" decoding=\"async\" width=\"683\" height=\"1024\" src=\"https:\/\/shalomfestival.be\/wp-content\/uploads\/2021\/11\/shalom2021_foto9-683x1024.jpg\" alt=\"\" loading=\"lazy\" srcset=\"https:\/\/shalomfestival.be\/wp-content\/uploads\/2021\/11\/shalom2021_foto9-683x1024.jpg 683w, https:\/\/shalomfestival.be\/wp-content\/uploads\/2021\/11\/shalom2021_foto9-200x300.jpg 200w, https:\/\/shalomfestival.be\/wp-content\/uploads\/2021\/11\/shalom2021_foto9-768x1152.jpg 768w, https:\/\/shalomfestival.be\/wp-content\/uploads\/2021\/11\/shalom2021_foto9-1024x1536.jpg 1024w, https:\/\/shalomfestival.be\/wp-content\/uploads\/2021\/11\/shalom2021_foto9-1365x2048.jpg 1365w, https:\/\/shalomfestival.be\/wp-content\/uploads\/2021\/11\/shalom2021_foto9-scaled.jpg 1707w\" sizes=\"auto, (max-width: 683px) 100vw, 683px\" \/>\t\t\t\t\t\t\t\t\t\t\t\t\t\t\t<\/p>\n<p><strong>Enkele Shalom uitspraken van medewerkers:<\/strong><\/p>\n<p>\u2018Fantastische organisatie! Prachtige sfeer en veel volk! Wat een geweldige geest van eenheid voor de stad!\u2019 Elaine Elliot, Amerikaanse zendeling. \u2018Fotografen en tv cameraploeg zijn fantastisch en alle medewerkers zijn op hun best ingezet, dankzij God alleen.\u2019 Ratna Susilo, medewerker.<\/p>\n<p>\u2018Een onvergetelijke belevenis! Het enthousiasme, de vreugde, blijdschap en verbondenheid van deze dag zal nog lang blijven nazinderen!\u2019 Marijke Goethals, danseres.<\/p>\n<p>\u2018Het deed Bne Akivah deugd. <strong>Het festival was hoopgevend<\/strong>, we zijn erg dankbaar dat we deel hebben kunnen nemen!\u2019 Naomi Trau, standhoudster.<\/p>\n<p>\u00a0<br \/>\n\t\t\t\t\t\t\t\t\t\t\t\t\t\t\t<img loading=\"lazy\" decoding=\"async\" width=\"480\" height=\"300\" src=\"https:\/\/shalomfestival.be\/wp-content\/uploads\/2021\/11\/shalom2021_foto13-480x300.jpg\" alt=\"\" loading=\"lazy\" srcset=\"https:\/\/shalomfestival.be\/wp-content\/uploads\/2021\/11\/shalom2021_foto13-480x300.jpg 480w, https:\/\/shalomfestival.be\/wp-content\/uploads\/2021\/11\/shalom2021_foto13-640x400.jpg 640w\" sizes=\"auto, (max-width: 480px) 100vw, 480px\" \/><br \/>\n\t\t\t\t\t\t\t\t\t\t\t\t\t\t\t<img loading=\"lazy\" decoding=\"async\" width=\"480\" height=\"300\" src=\"https:\/\/shalomfestival.be\/wp-content\/uploads\/2021\/11\/shalom2021_foto14-480x300.jpg\" alt=\"\" loading=\"lazy\" srcset=\"https:\/\/shalomfestival.be\/wp-content\/uploads\/2021\/11\/shalom2021_foto14-480x300.jpg 480w, https:\/\/shalomfestival.be\/wp-content\/uploads\/2021\/11\/shalom2021_foto14-640x400.jpg 640w\" sizes=\"auto, (max-width: 480px) 100vw, 480px\" \/>\t\t\t\t\t\t\t\t\t\t\t\t\t\t\t<\/p>\n<h4 style=\"text-align: center;\">Voor meer foto&rsquo;s<br \/><a href=\"https:\/\/shalomfestival.be\/galerij\/\" target=\"_blank\" rel=\"noopener\">KLIK HIER<\/a><\/h4>\n<h4 style=\"text-align: center;\">Voor meer informatie\u00a0<br \/><a href=\"https:\/\/shalomfestival.be\/contact\/\">KLIK HIER<\/a><\/h4>\n<p>\u00a0<\/p>\n<p>\u00a0<\/p>\n<p>\u00a0https:\/\/www.youtube.com\/watch?v=lRbEyiJtEVQ&#038;t=18s<\/p>\n","protected":false},"excerpt":{"rendered":"<p>Persbericht Shalomfestival 2021 Antwerpen \u2018In het verleden stond de joodse gemeenschap heel argwanend tegenover een uitgestoken hand van andere geloofsgemeenschappen. Hebben ze het echt goed met ons voor of willen &#8230;<\/p>\n","protected":false},"author":5,"featured_media":0,"parent":0,"menu_order":0,"comment_status":"closed","ping_status":"closed","template":"","meta":{"_eb_attr":"","ngg_post_thumbnail":0,"footnotes":""},"class_list":["post-1056","page","type-page","status-publish","hentry"],"translation":{"provider":"WPGlobus","version":"3.0.0","language":"fr","enabled_languages":["nl","en","fr"],"languages":{"nl":{"title":true,"content":true,"excerpt":false},"en":{"title":true,"content":true,"excerpt":false},"fr":{"title":false,"content":false,"excerpt":false}}},"_links":{"self":[{"href":"https:\/\/shalomfestival.be\/fr\/wp-json\/wp\/v2\/pages\/1056","targetHints":{"allow":["GET"]}}],"collection":[{"href":"https:\/\/shalomfestival.be\/fr\/wp-json\/wp\/v2\/pages"}],"about":[{"href":"https:\/\/shalomfestival.be\/fr\/wp-json\/wp\/v2\/types\/page"}],"author":[{"embeddable":true,"href":"https:\/\/shalomfestival.be\/fr\/wp-json\/wp\/v2\/users\/5"}],"replies":[{"embeddable":true,"href":"https:\/\/shalomfestival.be\/fr\/wp-json\/wp\/v2\/comments?post=1056"}],"version-history":[{"count":39,"href":"https:\/\/shalomfestival.be\/fr\/wp-json\/wp\/v2\/pages\/1056\/revisions"}],"predecessor-version":[{"id":1624,"href":"https:\/\/shalomfestival.be\/fr\/wp-json\/wp\/v2\/pages\/1056\/revisions\/1624"}],"wp:attachment":[{"href":"https:\/\/shalomfestival.be\/fr\/wp-json\/wp\/v2\/media?parent=1056"}],"curies":[{"name":"wp","href":"https:\/\/api.w.org\/{rel}","templated":true}]}}