{"id":1688,"date":"2022-10-06T19:31:20","date_gmt":"2022-10-06T19:31:20","guid":{"rendered":"https:\/\/shalomfestival.be\/?page_id=1688"},"modified":"2022-10-06T19:36:44","modified_gmt":"2022-10-06T19:36:44","slug":"persbericht-shalom-2019-antwerpen","status":"publish","type":"page","link":"https:\/\/shalomfestival.be\/en\/persbericht-shalom-2019-antwerpen\/","title":{"rendered":"Persbericht Shalom 2019 Antwerpen"},"content":{"rendered":"\t\t<div data-elementor-type=\"wp-page\" data-elementor-id=\"1688\" class=\"elementor elementor-1688\" data-elementor-post-type=\"page\">\n\t\t\t\t\t\t<section class=\"elementor-section elementor-top-section elementor-element elementor-element-04c588e elementor-section-boxed elementor-section-height-default elementor-section-height-default\" data-id=\"04c588e\" data-element_type=\"section\">\n\t\t\t\t\t\t<div class=\"elementor-container elementor-column-gap-default\">\n\t\t\t\t\t<div class=\"elementor-column elementor-col-100 elementor-top-column elementor-element elementor-element-5bbd9b9\" data-id=\"5bbd9b9\" data-element_type=\"column\">\n\t\t\t<div class=\"elementor-widget-wrap elementor-element-populated\">\n\t\t\t\t\t\t<section class=\"elementor-section elementor-inner-section elementor-element elementor-element-40cc58e elementor-section-boxed elementor-section-height-default elementor-section-height-default\" data-id=\"40cc58e\" data-element_type=\"section\">\n\t\t\t\t\t\t<div class=\"elementor-container elementor-column-gap-default\">\n\t\t\t\t\t<div class=\"elementor-column elementor-col-50 elementor-inner-column elementor-element elementor-element-593bbc8\" data-id=\"593bbc8\" data-element_type=\"column\">\n\t\t\t<div class=\"elementor-widget-wrap elementor-element-populated\">\n\t\t\t\t\t\t<div class=\"elementor-element elementor-element-13c7cdd elementor-widget elementor-widget-text-editor\" data-id=\"13c7cdd\" data-element_type=\"widget\" data-widget_type=\"text-editor.default\">\n\t\t\t\t<div class=\"elementor-widget-container\">\n\t\t\t\t\t\t\t\t\t<h3 style=\"text-align: center;\">Shalom Festival<br \/>Groenplaats, Antwerpen<br \/>27 oktober 2019<br \/>14:00 tot 18:00 uur<\/h3><p><strong>Het Shalom Festival biedt dit jaar opnieuw een sprankelende cocktail van cultuur, kunst, muziekoptredens, politiek, geloof, liefdadigheid, kinderanimatie, ecologie en gastronomie aan zijn bezoekers.<\/strong> <br \/>Met deze bijzondere samenstelling viert het evenement haar 16de editie in de Vlaamse hoofdstad en nodigt alle burgers uit om in het hart van de oude stad mee te genieten.<\/p><p><strong>\u2018Shalom, peace, paix, vrede, salaam\u2019<\/strong> blijft de visie van dit initiatief, gericht op een multiculturele samenleving, dialoog, gelijke kansen en de wereldburgers, zei het in Belgi\u00eb of in Isra\u00ebl. In een tijd van spanning verkiezen de initiatiefnemers om een blijde boodschap te brengen en \u00e9\u00e9n van de meeste onbekende kanten van het land te belichten dit jaar.<\/p><p><strong>\u2018Eco-Peace\u2019 is het thema aldus van het Shalom Festival 2019<\/strong> met de focus op Isra\u00ebl als pionier op het gebied van ecologie. <strong>Aan wat is de natuurheropleving in het voorbije 71-jarig bestaan van de staat Isra\u00ebl in het Midden-Oosten te danken?<\/strong> Vanuit verschillende hoeken lichten de sprekers het thema toe toch elkaar aanvullend om zo samen Isra\u00ebl, het kleine wonder in het Midden-Oosten, te schetsen.<\/p><p><strong>Boogie Boy, zelf van joodse afkomst is de gastartiest van de 16de editie<\/strong>. Samen met gospelbands en andere artiesten, beloven ze ambiance en dans. Op het plein zelf zal er een standenmarkt zijn waar veel te zien en te beleven is voor jong en oud.<\/p><p><strong>Een ticket naar Isra\u00ebl<\/strong> is de hoofdprijs van de tombola waarmee het festival afsluiten zal, aangeboden door El-Al en het organisatiecomit\u00e9.<\/p><p><strong>Het Shalom Festival is een initiatief<\/strong> van de Alliantie voor Vrede in het Midden-Oosten, de Belgische Coalitie voor Isra\u00ebl, B\u2019nai B&#8217;rith Antwerpen, Koinonia Ministries, ORT Belgium, Christenen voor Isra\u00ebl, Beautiful Israel, Anet en Chr\u00e9tiens Amis d\u2019Isra\u00ebl.<\/p><p>\u00a0<\/p><p>\u00a0<\/p><div id=\"ConnectiveDocSignExtentionInstalled\" data-extension-version=\"1.0.4\">\u00a0<\/div>\t\t\t\t\t\t\t\t<\/div>\n\t\t\t\t<\/div>\n\t\t\t\t\t<\/div>\n\t\t<\/div>\n\t\t\t\t<div class=\"elementor-column elementor-col-50 elementor-inner-column elementor-element elementor-element-94e118a\" data-id=\"94e118a\" data-element_type=\"column\">\n\t\t\t<div class=\"elementor-widget-wrap elementor-element-populated\">\n\t\t\t\t\t\t<div class=\"elementor-element elementor-element-49f2c7f elementor-widget elementor-widget-image\" data-id=\"49f2c7f\" data-element_type=\"widget\" data-widget_type=\"image.default\">\n\t\t\t\t<div class=\"elementor-widget-container\">\n\t\t\t\t\t\t\t\t\t\t\t\t\t\t\t<img fetchpriority=\"high\" decoding=\"async\" width=\"729\" height=\"1024\" src=\"https:\/\/shalomfestival.be\/wp-content\/uploads\/2022\/10\/shalom-flyer-2019-front-729x1024.jpg\" class=\"attachment-large size-large wp-image-1690\" alt=\"\" srcset=\"https:\/\/shalomfestival.be\/wp-content\/uploads\/2022\/10\/shalom-flyer-2019-front-729x1024.jpg 729w, https:\/\/shalomfestival.be\/wp-content\/uploads\/2022\/10\/shalom-flyer-2019-front-214x300.jpg 214w, https:\/\/shalomfestival.be\/wp-content\/uploads\/2022\/10\/shalom-flyer-2019-front-768x1078.jpg 768w, https:\/\/shalomfestival.be\/wp-content\/uploads\/2022\/10\/shalom-flyer-2019-front-1094x1536.jpg 1094w, https:\/\/shalomfestival.be\/wp-content\/uploads\/2022\/10\/shalom-flyer-2019-front.jpg 1240w\" sizes=\"(max-width: 729px) 100vw, 729px\" \/>\t\t\t\t\t\t\t\t\t\t\t\t\t\t\t<\/div>\n\t\t\t\t<\/div>\n\t\t\t\t\t<\/div>\n\t\t<\/div>\n\t\t\t\t\t<\/div>\n\t\t<\/section>\n\t\t\t\t\t<\/div>\n\t\t<\/div>\n\t\t\t\t\t<\/div>\n\t\t<\/section>\n\t\t\t\t<\/div>\n\t\t","protected":false},"excerpt":{"rendered":"<p>Shalom FestivalGroenplaats, Antwerpen27 oktober 201914:00 tot 18:00 uur Het Shalom Festival biedt dit jaar opnieuw een sprankelende cocktail van cultuur, kunst, muziekoptredens, politiek, geloof, liefdadigheid, kinderanimatie, ecologie en gastronomie aan &#8230;<\/p>\n","protected":false},"author":4,"featured_media":0,"parent":0,"menu_order":0,"comment_status":"closed","ping_status":"closed","template":"","meta":{"_eb_attr":"","ngg_post_thumbnail":0,"footnotes":""},"class_list":["post-1688","page","type-page","status-publish","hentry"],"translation":{"provider":"WPGlobus","version":"3.0.0","language":"en","enabled_languages":["nl","en","fr"],"languages":{"nl":{"title":true,"content":true,"excerpt":false},"en":{"title":false,"content":false,"excerpt":false},"fr":{"title":false,"content":false,"excerpt":false}}},"_links":{"self":[{"href":"https:\/\/shalomfestival.be\/en\/wp-json\/wp\/v2\/pages\/1688","targetHints":{"allow":["GET"]}}],"collection":[{"href":"https:\/\/shalomfestival.be\/en\/wp-json\/wp\/v2\/pages"}],"about":[{"href":"https:\/\/shalomfestival.be\/en\/wp-json\/wp\/v2\/types\/page"}],"author":[{"embeddable":true,"href":"https:\/\/shalomfestival.be\/en\/wp-json\/wp\/v2\/users\/4"}],"replies":[{"embeddable":true,"href":"https:\/\/shalomfestival.be\/en\/wp-json\/wp\/v2\/comments?post=1688"}],"version-history":[{"count":7,"href":"https:\/\/shalomfestival.be\/en\/wp-json\/wp\/v2\/pages\/1688\/revisions"}],"predecessor-version":[{"id":1698,"href":"https:\/\/shalomfestival.be\/en\/wp-json\/wp\/v2\/pages\/1688\/revisions\/1698"}],"wp:attachment":[{"href":"https:\/\/shalomfestival.be\/en\/wp-json\/wp\/v2\/media?parent=1688"}],"curies":[{"name":"wp","href":"https:\/\/api.w.org\/{rel}","templated":true}]}}