{"id":1386,"date":"2022-09-20T17:33:08","date_gmt":"2022-09-20T17:33:08","guid":{"rendered":"https:\/\/shalomfestival.be\/?page_id=1386"},"modified":"2022-09-20T17:44:49","modified_gmt":"2022-09-20T17:44:49","slug":"persbericht-brussel-2014","status":"publish","type":"page","link":"https:\/\/shalomfestival.be\/en\/persbericht-brussel-2014\/","title":{"rendered":"Persbericht Brussel 2014"},"content":{"rendered":"<p><strong>JODEN EN EVANGELISCHE CHRISTENEN ANTWOORDEN OP GEWELD MET VREDESBOODSCHAP<\/strong>.<\/p>\n<p>Na de gruwelijke gebeurtenissen van afgelopen zaterdag aan het Joodse museum waarbij een man 4 mensen in koelen bloede neerschoot, is de boodschap van <strong>VREDE, SHALOM, SALAAM, PEACE, PAIX actueler dan ooit!<br \/>\n<\/strong><br \/>\nEvangelische christenen en de Joodse gemeenschap slaan de handen opnieuw in elkaar op basis van hun gemeenschappelijke geloofswortels en willen op geweld en terreur antwoorden met een boodschap van vrede.<\/p>\n<p>Na het grote succes van de vorige edities van het Vredesfestival wordt dit initiatief verdergezet. Op 1 juni 2014 is het Spanjeplein in Brussel (tussen het Centraal Station en de Grote Markt) de plaats om samen achter deze boodschap te staan.<\/p>\n<p>Van 14:00 tot 18:00 uur is er in de openlucht, in een aantal tenten en aan diverse stands een doorlopend en gevarieerd programma met o.a. gospel- en Isra\u00eblische muziek, cultuur, toespraken, lectuur, hapjes uit de Joodse keuken; aldus voor alle zintuigen wat wils en voor iedereen vrij toegankelijk. Op het programma staat onder meer een optreden van de jonge zanger Rapha\u00ebl Rozenfeld, die onlangs meedeed aan \u201cThe Voice\u201d.<\/p>\n<p>Het Vredesfestival is een gezamenlijk initiatief van de Belgische Coalitie voor Isra\u00ebl, ORT Belgium, Koinonia Ministries, Beautiful Isra\u00ebl, Anet, Christenen voor Isra\u00ebl.<\/p>\n<p>Voor meer informatie kunt u terecht op shalom@koinonia.be of +32 (0) 486 25 24 04<\/p>\n<style>\/*! elementor - v3.7.6 - 15-09-2022 *\/<br \/>\n.elementor-widget-image{text-align:center}.elementor-widget-image a{display:inline-block}.elementor-widget-image a img[src$=\".svg\"]{width:48px}.elementor-widget-image img{vertical-align:middle;display:inline-block}<\/style>\n<p>\t\t\t\t\t\t\t\t\t\t\t\t<img loading=\"lazy\" decoding=\"async\" src=\"https:\/\/shalomfestival.be\/wp-content\/uploads\/2022\/09\/shalom-flyer-front-nederlands-dance-2014-1-732x1024.jpg\" alt=\"\" loading=\"lazy\" srcset=\"https:\/\/shalomfestival.be\/wp-content\/uploads\/2022\/09\/shalom-flyer-front-nederlands-dance-2014-1-732x1024.jpg 732w, https:\/\/shalomfestival.be\/wp-content\/uploads\/2022\/09\/shalom-flyer-front-nederlands-dance-2014-1-214x300.jpg 214w, https:\/\/shalomfestival.be\/wp-content\/uploads\/2022\/09\/shalom-flyer-front-nederlands-dance-2014-1-768x1074.jpg 768w, https:\/\/shalomfestival.be\/wp-content\/uploads\/2022\/09\/shalom-flyer-front-nederlands-dance-2014-1-1098x1536.jpg 1098w, https:\/\/shalomfestival.be\/wp-content\/uploads\/2022\/09\/shalom-flyer-front-nederlands-dance-2014-1.jpg 1288w\" sizes=\"auto, (max-width: 732px) 100vw, 732px\" width=\"732\" height=\"1024\"><\/p>\n","protected":false},"excerpt":{"rendered":"<p>JODEN EN EVANGELISCHE CHRISTENEN ANTWOORDEN OP GEWELD MET VREDESBOODSCHAP. Na de gruwelijke gebeurtenissen van afgelopen zaterdag aan het Joodse museum waarbij een man 4 mensen in koelen bloede neerschoot, is &#8230;<\/p>\n","protected":false},"author":4,"featured_media":0,"parent":0,"menu_order":0,"comment_status":"closed","ping_status":"closed","template":"","meta":{"_eb_attr":"","ngg_post_thumbnail":0,"footnotes":""},"class_list":["post-1386","page","type-page","status-publish","hentry"],"translation":{"provider":"WPGlobus","version":"3.0.0","language":"en","enabled_languages":["nl","en","fr"],"languages":{"nl":{"title":true,"content":true,"excerpt":false},"en":{"title":false,"content":false,"excerpt":false},"fr":{"title":true,"content":true,"excerpt":false}}},"_links":{"self":[{"href":"https:\/\/shalomfestival.be\/en\/wp-json\/wp\/v2\/pages\/1386","targetHints":{"allow":["GET"]}}],"collection":[{"href":"https:\/\/shalomfestival.be\/en\/wp-json\/wp\/v2\/pages"}],"about":[{"href":"https:\/\/shalomfestival.be\/en\/wp-json\/wp\/v2\/types\/page"}],"author":[{"embeddable":true,"href":"https:\/\/shalomfestival.be\/en\/wp-json\/wp\/v2\/users\/4"}],"replies":[{"embeddable":true,"href":"https:\/\/shalomfestival.be\/en\/wp-json\/wp\/v2\/comments?post=1386"}],"version-history":[{"count":19,"href":"https:\/\/shalomfestival.be\/en\/wp-json\/wp\/v2\/pages\/1386\/revisions"}],"predecessor-version":[{"id":1409,"href":"https:\/\/shalomfestival.be\/en\/wp-json\/wp\/v2\/pages\/1386\/revisions\/1409"}],"wp:attachment":[{"href":"https:\/\/shalomfestival.be\/en\/wp-json\/wp\/v2\/media?parent=1386"}],"curies":[{"name":"wp","href":"https:\/\/api.w.org\/{rel}","templated":true}]}}